

{"id":4563,"date":"2021-06-08T09:56:03","date_gmt":"2021-06-08T09:56:03","guid":{"rendered":"https:\/\/condadodemartiniega.com\/?page_id=4563"},"modified":"2022-02-22T22:18:16","modified_gmt":"2022-02-22T22:18:16","slug":"contacto","status":"publish","type":"page","link":"https:\/\/condadodemartiniega.com\/en\/contacto\/","title":{"rendered":"Contact"},"content":{"rendered":"\t\t<div data-elementor-type=\"wp-page\" data-elementor-id=\"4563\" class=\"elementor elementor-4563\" data-elementor-post-type=\"page\">\n\t\t\t\t\t\t<section class=\"elementor-section elementor-top-section elementor-element elementor-element-36b74f9 elementor-section-full_width elementor-section-height-default elementor-section-height-default qodef-elementor-content-no\" data-id=\"36b74f9\" data-element_type=\"section\" data-e-type=\"section\">\n\t\t\t\t\t\t<div class=\"elementor-container elementor-column-gap-default\">\n\t\t\t\t\t<div class=\"elementor-column elementor-col-100 elementor-top-column elementor-element elementor-element-4276d2c\" data-id=\"4276d2c\" data-element_type=\"column\" data-e-type=\"column\">\n\t\t\t<div class=\"elementor-widget-wrap elementor-element-populated\">\n\t\t\t\t\t\t<div class=\"elementor-element elementor-element-d0890e4 elementor-widget elementor-widget-slider_revolution\" data-id=\"d0890e4\" data-element_type=\"widget\" data-e-type=\"widget\" data-widget_type=\"slider_revolution.default\">\n\t\t\t\t<div class=\"elementor-widget-container\">\n\t\t\t\t\t\r\n\t\t<div class=\"wp-block-themepunch-revslider\">\n\t\t\t<!-- START Contacto REVOLUTION SLIDER 6.4.11 --><p class=\"rs-p-wp-fix\"><\/p>\n\t\t\t<rs-module-wrap id=\"rev_slider_19_1_wrapper\" data-source=\"gallery\" style=\"background:transparent;padding:0;margin:0px auto;margin-top:0;margin-bottom:0;\">\n\t\t\t\t<rs-module id=\"rev_slider_19_1\" style=\"\" data-version=\"6.4.11\">\n\t\t\t\t\t<rs-slides>\n\t\t\t\t\t\t<rs-slide data-key=\"rs-57\" data-title=\"Slide\" data-in=\"o:0;\" data-out=\"a:false;\" data-color=\"dark\">\n\t\t\t\t\t\t\t<img data-recalc-dims=\"1\" fetchpriority=\"high\" decoding=\"async\" src=\"https:\/\/i0.wp.com\/condadodemartiniega.com\/wp-content\/uploads\/2021\/11\/AdobeStock_195646819-scaled.jpeg?resize=1300%2C288\" title=\"Bardena negra (black) view from Sancho Abarca\" width=\"1300\" height=\"288\" class=\"rev-slidebg tp-rs-img\" data-parallax=\"off\" data-panzoom=\"d:10000;ss:100%;se:115%;\" data-no-retina>\n<!---->\t\t\t\t\t\t<\/rs-slide>\n\t\t\t\t\t<\/rs-slides>\n\t\t\t\t\t<rs-static-layers><!--\n\t\t\t\t\t--><\/rs-static-layers>\n\t\t\t\t<\/rs-module>\n\t\t\t\t<script type=\"text\/javascript\">\n\t\t\t\t\tsetREVStartSize({c: 'rev_slider_19_1',rl:[1240,1024,778,480],el:[350,768,960,720],gw:[1900,1100,778,480],gh:[350,768,960,720],type:'hero',justify:'',layout:'fullwidth',mh:\"0\"});\n\t\t\t\t\tvar\trevapi19,\n\t\t\t\t\t\ttpj;\n\t\t\t\t\tfunction revinit_revslider191() {\n\t\t\t\t\tjQuery(function() {\n\t\t\t\t\t\ttpj = jQuery;\n\t\t\t\t\t\trevapi19 = tpj(\"#rev_slider_19_1\");\n\t\t\t\t\t\tif(revapi19==undefined || revapi19.revolution == undefined){\n\t\t\t\t\t\t\trevslider_showDoubleJqueryError(\"rev_slider_19_1\");\n\t\t\t\t\t\t}else{\n\t\t\t\t\t\t\trevapi19.revolution({\n\t\t\t\t\t\t\t\tsliderType:\"hero\",\n\t\t\t\t\t\t\t\tDPR:\"dpr\",\n\t\t\t\t\t\t\t\tsliderLayout:\"fullwidth\",\n\t\t\t\t\t\t\t\tvisibilityLevels:\"1240,1024,778,480\",\n\t\t\t\t\t\t\t\tgridwidth:\"1900,1100,778,480\",\n\t\t\t\t\t\t\t\tgridheight:\"350,768,960,720\",\n\t\t\t\t\t\t\t\tperspective:600,\n\t\t\t\t\t\t\t\tperspectiveType:\"global\",\n\t\t\t\t\t\t\t\teditorheight:\"350,768,960,720\",\n\t\t\t\t\t\t\t\tresponsiveLevels:\"1240,1024,778,480\",\n\t\t\t\t\t\t\t\tprogressBar:{disableProgressBar:true},\n\t\t\t\t\t\t\t\tnavigation: {\n\t\t\t\t\t\t\t\t\tonHoverStop:false\n\t\t\t\t\t\t\t\t},\n\t\t\t\t\t\t\t\tparallax: {\n\t\t\t\t\t\t\t\t\tlevels:[5,10,15,20,25,30,35,40,45,46,47,48,49,50,51,30],\n\t\t\t\t\t\t\t\t\ttype:\"scroll\",\n\t\t\t\t\t\t\t\t\torigo:\"slidercenter\",\n\t\t\t\t\t\t\t\t\tspeed:0\n\t\t\t\t\t\t\t\t},\n\t\t\t\t\t\t\t\tfallbacks: {\n\t\t\t\t\t\t\t\t\tallowHTML5AutoPlayOnAndroid:true\n\t\t\t\t\t\t\t\t},\n\t\t\t\t\t\t\t});\n\t\t\t\t\t\t\t\n\n\t\t\t\t\t\t}\n\t\t\t\t\t\t\n\t\t\t\t\t});\n\t\t\t\t\t} \/\/ End of RevInitScript\n\t\t\t\tvar once_revslider191 = false;\n\t\t\t\tif (document.readyState === \"loading\") {document.addEventListener('readystatechange',function() { if((document.readyState === \"interactive\" || document.readyState === \"complete\") && !once_revslider191 ) { once_revslider191 = true; revinit_revslider191();}});} else {once_revslider191 = true; revinit_revslider191();}\n\t\t\t\t<\/script>\n\t\t\t<\/rs-module-wrap>\n\t\t\t<!-- END REVOLUTION SLIDER -->\n<\/div>\r\n\r\n\t\t\t\t\t\t<\/div>\n\t\t\t\t<\/div>\n\t\t\t\t\t<\/div>\n\t\t<\/div>\n\t\t\t\t\t<\/div>\n\t\t<\/section>\n\t\t\t\t<section class=\"elementor-section elementor-top-section elementor-element elementor-element-6bc6cd2 elementor-section-full_width qodef-elementor-content-grid elementor-section-height-default elementor-section-height-default\" data-id=\"6bc6cd2\" data-element_type=\"section\" data-e-type=\"section\" data-settings=\"{&quot;background_background&quot;:&quot;classic&quot;}\">\n\t\t\t\t\t\t<div class=\"elementor-container elementor-column-gap-default\">\n\t\t\t\t\t<div class=\"elementor-column elementor-col-50 elementor-top-column elementor-element elementor-element-d9f079f qodef-custom\" data-id=\"d9f079f\" data-element_type=\"column\" data-e-type=\"column\">\n\t\t\t<div class=\"elementor-widget-wrap elementor-element-populated\">\n\t\t\t\t\t\t<div class=\"elementor-element elementor-element-63de6740 elementor-widget elementor-widget-sante_core_section_title\" data-id=\"63de6740\" data-element_type=\"widget\" data-e-type=\"widget\" data-widget_type=\"sante_core_section_title.default\">\n\t\t\t\t<div class=\"elementor-widget-container\">\n\t\t\t\t\t<div class=\"qodef-shortcode qodef-m  qodef-section-title qodef-alignment--left   \">\n\t\t\t\t<h2 class=\"qodef-m-title\" >\n\t\t\t\t\tContacto\t\t\t<\/h2>\n\t\t<p class=\"qodef-m-text\" style=\"margin: 11px 0 -10px 0\">Cualquier duda o consulta por favor no dude en ponerse en contacto con nosotros por via telef\u00f3nica, email o bien rellenando el formulario adjunto. Atenderemos a su petici\u00f3n en la mayor brevedad posible. Gracias<\/p>\n\t\t    <div class=\"qodef-st-underline\">\n        <span class=\"qodef-st-underline-line\" style=\"background-color: #031535\"><\/span>\n    <\/div>\n<\/div>\t\t\t\t<\/div>\n\t\t\t\t<\/div>\n\t\t\t\t<div class=\"elementor-element elementor-element-3e4da041 elementor-widget elementor-widget-sante_core_icon_list_item\" data-id=\"3e4da041\" data-element_type=\"widget\" data-e-type=\"widget\" data-widget_type=\"sante_core_icon_list_item.default\">\n\t\t\t\t<div class=\"elementor-widget-container\">\n\t\t\t\t\t<div class=\"qodef-icon-list-item qodef-icon--icon-pack\" >\n\t<p class=\"qodef-e-title\" >\n\t\t\t\t\t<a itemprop=\"url\" href=\"https:\/\/www.google.com\/maps\/place\/C.+Guip%C3%BAzcoa,+24,+31591+Corella,+Navarra,+Spain\/@42.1174758,-1.7979949,17z\/data=!3m1!4b1!4m5!3m4!1s0xd5a58e3c81418b5:0xd899bfa400be77d3!8m2!3d42.1174758!4d-1.7958062\" target=\"_blank\">\n\t\t\t\t\t<span class=\"qodef-e-title-inner\">\n\t\t\t\t<span class=\"qodef-shortcode qodef-m  qodef-icon-holder  qodef-layout--normal \"  >\t        <span class=\"qodef-icon-linear-icons lnr-apartment lnr qodef-icon qodef-e\" style=\"color: #031535;font-size: 18px\" ><\/span>    <\/span>\t\t\t\t<span class=\"qodef-e-title-text\">Calle Guip\u00fazcoa 24, 2\u00ba Izquierda, 31591 Corella, Navarra, Espa\u00f1a<\/span>\n\t\t\t<\/span>\n\t\t\t\t\t<\/a>\n\t\t\t<\/p>\n<\/div>\t\t\t\t<\/div>\n\t\t\t\t<\/div>\n\t\t\t\t<div class=\"elementor-element elementor-element-7a12e3ca elementor-widget elementor-widget-sante_core_icon_list_item\" data-id=\"7a12e3ca\" data-element_type=\"widget\" data-e-type=\"widget\" data-widget_type=\"sante_core_icon_list_item.default\">\n\t\t\t\t<div class=\"elementor-widget-container\">\n\t\t\t\t\t<div class=\"qodef-icon-list-item qodef-icon--icon-pack\" >\n\t<p class=\"qodef-e-title\" >\n\t\t\t\t\t<span class=\"qodef-e-title-inner\">\n\t\t\t\t<span class=\"qodef-shortcode qodef-m  qodef-icon-holder  qodef-layout--normal \"  >\t        <span class=\"qodef-icon-linear-icons lnr-calendar-full lnr qodef-icon qodef-e\" style=\"color: #031535;font-size: 18px\" ><\/span>    <\/span>\t\t\t\t<span class=\"qodef-e-title-text\">Abierto Lunes a Viernes: 9am a 5pm<\/span>\n\t\t\t<\/span>\n\t\t\t<\/p>\n<\/div>\t\t\t\t<\/div>\n\t\t\t\t<\/div>\n\t\t\t\t<div class=\"elementor-element elementor-element-891168d elementor-widget elementor-widget-sante_core_icon_list_item\" data-id=\"891168d\" data-element_type=\"widget\" data-e-type=\"widget\" data-widget_type=\"sante_core_icon_list_item.default\">\n\t\t\t\t<div class=\"elementor-widget-container\">\n\t\t\t\t\t<div class=\"qodef-icon-list-item qodef-icon--icon-pack\" >\n\t<p class=\"qodef-e-title\" >\n\t\t\t\t\t<span class=\"qodef-e-title-inner\">\n\t\t\t\t<span class=\"qodef-shortcode qodef-m  qodef-icon-holder  qodef-layout--normal \"  >\t        <span class=\"qodef-icon-linear-icons lnr-phone-handset lnr qodef-icon qodef-e\" style=\"color: #031535;font-size: 18px\" ><\/span>    <\/span>\t\t\t\t<span class=\"qodef-e-title-text\">ES +34 630 891736<\/span>\n\t\t\t<\/span>\n\t\t\t<\/p>\n<\/div>\t\t\t\t<\/div>\n\t\t\t\t<\/div>\n\t\t\t\t<div class=\"elementor-element elementor-element-0dee561 elementor-widget elementor-widget-sante_core_icon_list_item\" data-id=\"0dee561\" data-element_type=\"widget\" data-e-type=\"widget\" data-widget_type=\"sante_core_icon_list_item.default\">\n\t\t\t\t<div class=\"elementor-widget-container\">\n\t\t\t\t\t<div class=\"qodef-icon-list-item qodef-icon--icon-pack\" >\n\t<p class=\"qodef-e-title\" >\n\t\t\t\t\t<span class=\"qodef-e-title-inner\">\n\t\t\t\t<span class=\"qodef-shortcode qodef-m  qodef-icon-holder  qodef-layout--normal \"  >\t        <span class=\"qodef-icon-linear-icons lnr-phone-handset lnr qodef-icon qodef-e\" style=\"color: #031535;font-size: 18px\" ><\/span>    <\/span>\t\t\t\t<span class=\"qodef-e-title-text\">GB +44 (0) 742 901 1016<\/span>\n\t\t\t<\/span>\n\t\t\t<\/p>\n<\/div>\t\t\t\t<\/div>\n\t\t\t\t<\/div>\n\t\t\t\t<div class=\"elementor-element elementor-element-ceca870 elementor-widget elementor-widget-sante_core_icon_list_item\" data-id=\"ceca870\" data-element_type=\"widget\" data-e-type=\"widget\" data-widget_type=\"sante_core_icon_list_item.default\">\n\t\t\t\t<div class=\"elementor-widget-container\">\n\t\t\t\t\t<div class=\"qodef-icon-list-item qodef-icon--icon-pack\" >\n\t<p class=\"qodef-e-title\" >\n\t\t\t\t\t<a itemprop=\"url\" href=\"mailto:%20info@condadodemartiniega.com\" target=\"_self\">\n\t\t\t\t\t<span class=\"qodef-e-title-inner\">\n\t\t\t\t<span class=\"qodef-shortcode qodef-m  qodef-icon-holder  qodef-layout--normal \"  >\t        <span class=\"qodef-icon-linear-icons lnr-envelope lnr qodef-icon qodef-e\" style=\"color: #031535;font-size: 18px\" ><\/span>    <\/span>\t\t\t\t<span class=\"qodef-e-title-text\">info@condadodemartiniega.com<\/span>\n\t\t\t<\/span>\n\t\t\t\t\t<\/a>\n\t\t\t<\/p>\n<\/div>\t\t\t\t<\/div>\n\t\t\t\t<\/div>\n\t\t\t\t\t<\/div>\n\t\t<\/div>\n\t\t\t\t<div class=\"elementor-column elementor-col-50 elementor-top-column elementor-element elementor-element-55f23fc\" data-id=\"55f23fc\" data-element_type=\"column\" data-e-type=\"column\">\n\t\t\t<div class=\"elementor-widget-wrap elementor-element-populated\">\n\t\t\t\t\t\t<div class=\"elementor-element elementor-element-64cbec7a elementor-widget elementor-widget-wp-widget-sante_core_contact_form_7\" data-id=\"64cbec7a\" data-element_type=\"widget\" data-e-type=\"widget\" data-widget_type=\"wp-widget-sante_core_contact_form_7.default\">\n\t\t\t\t<div class=\"elementor-widget-container\">\n\t\t\t\t\t\t\t\t<div class=\"qodef-contact-form-7\">\n\t\t\t\t\n<div class=\"wpcf7 no-js\" id=\"wpcf7-f14-o1\" lang=\"en-US\" dir=\"ltr\" data-wpcf7-id=\"14\">\n<div class=\"screen-reader-response\"><p role=\"status\" aria-live=\"polite\" aria-atomic=\"true\"><\/p> <ul><\/ul><\/div>\n<form action=\"\/en\/wp-json\/wp\/v2\/pages\/4563#wpcf7-f14-o1\" method=\"post\" class=\"wpcf7-form init\" aria-label=\"Contact form\" novalidate=\"novalidate\" data-status=\"init\">\n<fieldset class=\"hidden-fields-container\"><input type=\"hidden\" name=\"_wpcf7\" value=\"14\" \/><input type=\"hidden\" name=\"_wpcf7_version\" value=\"6.1.5\" \/><input type=\"hidden\" name=\"_wpcf7_locale\" value=\"en_US\" \/><input type=\"hidden\" name=\"_wpcf7_unit_tag\" value=\"wpcf7-f14-o1\" \/><input type=\"hidden\" name=\"_wpcf7_container_post\" value=\"0\" \/><input type=\"hidden\" name=\"_wpcf7_posted_data_hash\" value=\"\" \/><input type=\"hidden\" name=\"_wpcf7_recaptcha_response\" value=\"\" \/>\n<\/fieldset>\n<p><label> Nombre<br \/>\n<span class=\"wpcf7-form-control-wrap\" data-name=\"your-name\"><input size=\"40\" maxlength=\"400\" class=\"wpcf7-form-control wpcf7-text wpcf7-validates-as-required\" aria-required=\"true\" aria-invalid=\"false\" value=\"\" type=\"text\" name=\"your-name\" \/><\/span> <\/label>\n<\/p>\n<p><label> Email<br \/>\n<span class=\"wpcf7-form-control-wrap\" data-name=\"your-email\"><input size=\"40\" maxlength=\"400\" class=\"wpcf7-form-control wpcf7-email wpcf7-validates-as-required wpcf7-text wpcf7-validates-as-email\" aria-required=\"true\" aria-invalid=\"false\" value=\"\" type=\"email\" name=\"your-email\" \/><\/span> <\/label>\n<\/p>\n<p><label> Tel\u00e9fono<br \/>\n<span class=\"wpcf7-form-control-wrap\" data-name=\"tel-796\"><input size=\"40\" maxlength=\"400\" class=\"wpcf7-form-control wpcf7-tel wpcf7-text wpcf7-validates-as-tel\" aria-invalid=\"false\" value=\"\" type=\"tel\" name=\"tel-796\" \/><\/span> <\/label>\n<\/p>\n<p><label> Asunto<br \/>\n<span class=\"wpcf7-form-control-wrap\" data-name=\"your-subject\"><input size=\"40\" maxlength=\"400\" class=\"wpcf7-form-control wpcf7-text wpcf7-validates-as-required\" aria-required=\"true\" aria-invalid=\"false\" value=\"\" type=\"text\" name=\"your-subject\" \/><\/span> <\/label>\n<\/p>\n<p><label> Mensaje<br \/>\n<span class=\"wpcf7-form-control-wrap\" data-name=\"your-message\"><textarea cols=\"40\" rows=\"10\" maxlength=\"2000\" class=\"wpcf7-form-control wpcf7-textarea\" aria-invalid=\"false\" name=\"your-message\"><\/textarea><\/span> <\/label>\n<\/p>\n<p><span class=\"wpcf7-form-control-wrap\" data-name=\"acceptance-986\"><span class=\"wpcf7-form-control wpcf7-acceptance\"><span class=\"wpcf7-list-item\"><label><input type=\"checkbox\" name=\"acceptance-986\" value=\"1\" aria-invalid=\"false\" \/><span class=\"wpcf7-list-item-label\">He le\u00eddo y acepto la <a href=\"https:\/\/condadodemartiniega.com\/politica-de-privacidad\/\">Pol\u00edtica de Privacidad<\/a>.<\/span><\/label><\/span><\/span><\/span>\n<\/p>\n<p><button class=\"wpcf7-form-control wpcf7-submit qodef-button qodef-size--normal qodef-layout--outlined qodef-html--link qodef-m\" type=\"submit\"><span class=\"qodef-button-outlined-wrapper\"><span class=\"qodef-m-text\">Enviar<\/span><\/span><span class=\"qodef-outlined-button-background\"><\/span><\/button>\n<\/p><div class=\"wpcf7-response-output\" aria-hidden=\"true\"><\/div>\n<\/form>\n<\/div>\n\t\t\t<\/div>\n\t\t\t\t\t\t\t<\/div>\n\t\t\t\t<\/div>\n\t\t\t\t\t<\/div>\n\t\t<\/div>\n\t\t\t\t\t<\/div>\n\t\t<\/section>\n\t\t\t\t<\/div>\n\t\t","protected":false},"excerpt":{"rendered":"<p>Contacto Cualquier duda o consulta por favor no dude en ponerse en contacto con nosotros por via telef\u00f3nica, email o bien rellenando el formulario adjunto. Atenderemos a su petici\u00f3n en la mayor brevedad posible. Gracias Calle Guip\u00fazcoa 24, 2\u00ba Izquierda, 31591 Corella, Navarra, Espa\u00f1a Abierto Lunes a Viernes: 9am a 5pm ES +34 630 891736 [&hellip;]<\/p>\n","protected":false},"author":1,"featured_media":0,"parent":0,"menu_order":0,"comment_status":"closed","ping_status":"closed","template":"page-full-width.php","meta":{"_acf_changed":false,"_monsterinsights_skip_tracking":false,"_monsterinsights_sitenote_active":false,"_monsterinsights_sitenote_note":"","_monsterinsights_sitenote_category":0,"footnotes":""},"class_list":["post-4563","page","type-page","status-publish","hentry"],"acf":[],"yoast_head":"<!-- This site is optimized with the Yoast SEO plugin v27.3 - https:\/\/yoast.com\/product\/yoast-seo-wordpress\/ -->\n<title>Contacto - Condado de Martiniega<\/title>\n<meta name=\"robots\" content=\"index, follow, max-snippet:-1, max-image-preview:large, max-video-preview:-1\" \/>\n<link rel=\"canonical\" href=\"https:\/\/condadodemartiniega.com\/en\/contacto\/\" \/>\n<meta property=\"og:locale\" content=\"en_GB\" \/>\n<meta property=\"og:type\" content=\"article\" \/>\n<meta property=\"og:title\" content=\"Contacto - Condado de Martiniega\" \/>\n<meta property=\"og:description\" content=\"Contacto Cualquier duda o consulta por favor no dude en ponerse en contacto con nosotros por via telef\u00f3nica, email o bien rellenando el formulario adjunto. Atenderemos a su petici\u00f3n en la mayor brevedad posible. Gracias Calle Guip\u00fazcoa 24, 2\u00ba Izquierda, 31591 Corella, Navarra, Espa\u00f1a Abierto Lunes a Viernes: 9am a 5pm ES +34 630 891736 [&hellip;]\" \/>\n<meta property=\"og:url\" content=\"https:\/\/condadodemartiniega.com\/en\/contacto\/\" \/>\n<meta property=\"og:site_name\" content=\"Condado de Martiniega\" \/>\n<meta property=\"article:publisher\" content=\"https:\/\/www.facebook.com\/martiniegaoliveoil\" \/>\n<meta property=\"article:modified_time\" content=\"2022-02-22T22:18:16+00:00\" \/>\n<meta property=\"og:image\" content=\"https:\/\/i0.wp.com\/condadodemartiniega.com\/wp-content\/uploads\/2022\/02\/Layer-2.jpg?fit=1920%2C1080&ssl=1\" \/>\n\t<meta property=\"og:image:width\" content=\"1920\" \/>\n\t<meta property=\"og:image:height\" content=\"1080\" \/>\n\t<meta property=\"og:image:type\" content=\"image\/jpeg\" \/>\n<meta name=\"twitter:card\" content=\"summary_large_image\" \/>\n<script type=\"application\/ld+json\" class=\"yoast-schema-graph\">{\"@context\":\"https:\\\/\\\/schema.org\",\"@graph\":[{\"@type\":\"WebPage\",\"@id\":\"https:\\\/\\\/condadodemartiniega.com\\\/en\\\/contacto\\\/\",\"url\":\"https:\\\/\\\/condadodemartiniega.com\\\/en\\\/contacto\\\/\",\"name\":\"Contacto - Condado de Martiniega\",\"isPartOf\":{\"@id\":\"https:\\\/\\\/condadodemartiniega.com\\\/#website\"},\"datePublished\":\"2021-06-08T09:56:03+00:00\",\"dateModified\":\"2022-02-22T22:18:16+00:00\",\"breadcrumb\":{\"@id\":\"https:\\\/\\\/condadodemartiniega.com\\\/en\\\/contacto\\\/#breadcrumb\"},\"inLanguage\":\"en-GB\",\"potentialAction\":[{\"@type\":\"ReadAction\",\"target\":[\"https:\\\/\\\/condadodemartiniega.com\\\/en\\\/contacto\\\/\"]}]},{\"@type\":\"BreadcrumbList\",\"@id\":\"https:\\\/\\\/condadodemartiniega.com\\\/en\\\/contacto\\\/#breadcrumb\",\"itemListElement\":[{\"@type\":\"ListItem\",\"position\":1,\"name\":\"Home\",\"item\":\"https:\\\/\\\/condadodemartiniega.com\\\/\"},{\"@type\":\"ListItem\",\"position\":2,\"name\":\"Contacto\"}]},{\"@type\":\"WebSite\",\"@id\":\"https:\\\/\\\/condadodemartiniega.com\\\/#website\",\"url\":\"https:\\\/\\\/condadodemartiniega.com\\\/\",\"name\":\"Condado de Martiniega - Aceite de Oliva\",\"description\":\"Aceite de Oliva Virgen Extra\",\"publisher\":{\"@id\":\"https:\\\/\\\/condadodemartiniega.com\\\/#organization\"},\"alternateName\":\"Martiniega Olive Oil\",\"potentialAction\":[{\"@type\":\"SearchAction\",\"target\":{\"@type\":\"EntryPoint\",\"urlTemplate\":\"https:\\\/\\\/condadodemartiniega.com\\\/?s={search_term_string}\"},\"query-input\":{\"@type\":\"PropertyValueSpecification\",\"valueRequired\":true,\"valueName\":\"search_term_string\"}}],\"inLanguage\":\"en-GB\"},{\"@type\":\"Organization\",\"@id\":\"https:\\\/\\\/condadodemartiniega.com\\\/#organization\",\"name\":\"Condado de Martiniega - Aceite de Oliva\",\"url\":\"https:\\\/\\\/condadodemartiniega.com\\\/\",\"logo\":{\"@type\":\"ImageObject\",\"inLanguage\":\"en-GB\",\"@id\":\"https:\\\/\\\/condadodemartiniega.com\\\/#\\\/schema\\\/logo\\\/image\\\/\",\"url\":\"https:\\\/\\\/i0.wp.com\\\/condadodemartiniega.com\\\/wp-content\\\/uploads\\\/2021\\\/02\\\/cropped-CdM-logo-600_Colour.png?fit=1251%2C1251&ssl=1\",\"contentUrl\":\"https:\\\/\\\/i0.wp.com\\\/condadodemartiniega.com\\\/wp-content\\\/uploads\\\/2021\\\/02\\\/cropped-CdM-logo-600_Colour.png?fit=1251%2C1251&ssl=1\",\"width\":1251,\"height\":1251,\"caption\":\"Condado de Martiniega - Aceite de Oliva\"},\"image\":{\"@id\":\"https:\\\/\\\/condadodemartiniega.com\\\/#\\\/schema\\\/logo\\\/image\\\/\"},\"sameAs\":[\"https:\\\/\\\/www.facebook.com\\\/martiniegaoliveoil\",\"https:\\\/\\\/www.instagram.com\\\/martiniegaoliveoil\\\/\"]}]}<\/script>\n<!-- \/ Yoast SEO plugin. -->","yoast_head_json":{"title":"Contacto - Condado de Martiniega","robots":{"index":"index","follow":"follow","max-snippet":"max-snippet:-1","max-image-preview":"max-image-preview:large","max-video-preview":"max-video-preview:-1"},"canonical":"https:\/\/condadodemartiniega.com\/en\/contacto\/","og_locale":"en_GB","og_type":"article","og_title":"Contacto - Condado de Martiniega","og_description":"Contacto Cualquier duda o consulta por favor no dude en ponerse en contacto con nosotros por via telef\u00f3nica, email o bien rellenando el formulario adjunto. Atenderemos a su petici\u00f3n en la mayor brevedad posible. Gracias Calle Guip\u00fazcoa 24, 2\u00ba Izquierda, 31591 Corella, Navarra, Espa\u00f1a Abierto Lunes a Viernes: 9am a 5pm ES +34 630 891736 [&hellip;]","og_url":"https:\/\/condadodemartiniega.com\/en\/contacto\/","og_site_name":"Condado de Martiniega","article_publisher":"https:\/\/www.facebook.com\/martiniegaoliveoil","article_modified_time":"2022-02-22T22:18:16+00:00","og_image":[{"width":1920,"height":1080,"url":"https:\/\/i0.wp.com\/condadodemartiniega.com\/wp-content\/uploads\/2022\/02\/Layer-2.jpg?fit=1920%2C1080&ssl=1","type":"image\/jpeg"}],"twitter_card":"summary_large_image","schema":{"@context":"https:\/\/schema.org","@graph":[{"@type":"WebPage","@id":"https:\/\/condadodemartiniega.com\/en\/contacto\/","url":"https:\/\/condadodemartiniega.com\/en\/contacto\/","name":"Contacto - Condado de Martiniega","isPartOf":{"@id":"https:\/\/condadodemartiniega.com\/#website"},"datePublished":"2021-06-08T09:56:03+00:00","dateModified":"2022-02-22T22:18:16+00:00","breadcrumb":{"@id":"https:\/\/condadodemartiniega.com\/en\/contacto\/#breadcrumb"},"inLanguage":"en-GB","potentialAction":[{"@type":"ReadAction","target":["https:\/\/condadodemartiniega.com\/en\/contacto\/"]}]},{"@type":"BreadcrumbList","@id":"https:\/\/condadodemartiniega.com\/en\/contacto\/#breadcrumb","itemListElement":[{"@type":"ListItem","position":1,"name":"Home","item":"https:\/\/condadodemartiniega.com\/"},{"@type":"ListItem","position":2,"name":"Contacto"}]},{"@type":"WebSite","@id":"https:\/\/condadodemartiniega.com\/#website","url":"https:\/\/condadodemartiniega.com\/","name":"Condado de Martiniega - Aceite de Oliva","description":"Extra Virgin Olive Oil","publisher":{"@id":"https:\/\/condadodemartiniega.com\/#organization"},"alternateName":"Martiniega Olive Oil","potentialAction":[{"@type":"SearchAction","target":{"@type":"EntryPoint","urlTemplate":"https:\/\/condadodemartiniega.com\/?s={search_term_string}"},"query-input":{"@type":"PropertyValueSpecification","valueRequired":true,"valueName":"search_term_string"}}],"inLanguage":"en-GB"},{"@type":"Organization","@id":"https:\/\/condadodemartiniega.com\/#organization","name":"Condado de Martiniega - Aceite de Oliva","url":"https:\/\/condadodemartiniega.com\/","logo":{"@type":"ImageObject","inLanguage":"en-GB","@id":"https:\/\/condadodemartiniega.com\/#\/schema\/logo\/image\/","url":"https:\/\/i0.wp.com\/condadodemartiniega.com\/wp-content\/uploads\/2021\/02\/cropped-CdM-logo-600_Colour.png?fit=1251%2C1251&ssl=1","contentUrl":"https:\/\/i0.wp.com\/condadodemartiniega.com\/wp-content\/uploads\/2021\/02\/cropped-CdM-logo-600_Colour.png?fit=1251%2C1251&ssl=1","width":1251,"height":1251,"caption":"Condado de Martiniega - Aceite de Oliva"},"image":{"@id":"https:\/\/condadodemartiniega.com\/#\/schema\/logo\/image\/"},"sameAs":["https:\/\/www.facebook.com\/martiniegaoliveoil","https:\/\/www.instagram.com\/martiniegaoliveoil\/"]}]}},"jetpack-related-posts":[],"jetpack_sharing_enabled":true,"_links":{"self":[{"href":"https:\/\/condadodemartiniega.com\/en\/wp-json\/wp\/v2\/pages\/4563","targetHints":{"allow":["GET"]}}],"collection":[{"href":"https:\/\/condadodemartiniega.com\/en\/wp-json\/wp\/v2\/pages"}],"about":[{"href":"https:\/\/condadodemartiniega.com\/en\/wp-json\/wp\/v2\/types\/page"}],"author":[{"embeddable":true,"href":"https:\/\/condadodemartiniega.com\/en\/wp-json\/wp\/v2\/users\/1"}],"replies":[{"embeddable":true,"href":"https:\/\/condadodemartiniega.com\/en\/wp-json\/wp\/v2\/comments?post=4563"}],"version-history":[{"count":91,"href":"https:\/\/condadodemartiniega.com\/en\/wp-json\/wp\/v2\/pages\/4563\/revisions"}],"predecessor-version":[{"id":6070,"href":"https:\/\/condadodemartiniega.com\/en\/wp-json\/wp\/v2\/pages\/4563\/revisions\/6070"}],"wp:attachment":[{"href":"https:\/\/condadodemartiniega.com\/en\/wp-json\/wp\/v2\/media?parent=4563"}],"curies":[{"name":"wp","href":"https:\/\/api.w.org\/{rel}","templated":true}]}}