{"id":5103,"date":"2021-11-08T16:57:34","date_gmt":"2021-11-08T16:57:34","guid":{"rendered":"https:\/\/condadodemartiniega.com\/?page_id=5103"},"modified":"2022-02-15T15:13:28","modified_gmt":"2022-02-15T15:13:28","slug":"politica-de-privacidad","status":"publish","type":"page","link":"https:\/\/condadodemartiniega.com\/en\/politica-de-privacidad\/","title":{"rendered":"PRIVACY POLICY - Sorry, but this legal text is only available in european spanish"},"content":{"rendered":"<div data-elementor-type=\"wp-page\" data-elementor-id=\"5103\" class=\"elementor elementor-5103\" data-elementor-post-type=\"page\">\n\t\t\t\t\t\t<section class=\"elementor-section elementor-top-section elementor-element elementor-element-8d593b5 elementor-section-full_width qodef-elementor-content-grid elementor-section-height-default elementor-section-height-default\" data-id=\"8d593b5\" data-element_type=\"section\" data-e-type=\"section\">\n\t\t\t\t\t\t<div class=\"elementor-container elementor-column-gap-default\">\n\t\t\t\t\t<div class=\"elementor-column elementor-col-50 elementor-top-column elementor-element elementor-element-77884f6\" data-id=\"77884f6\" data-element_type=\"column\" data-e-type=\"column\">\n\t\t\t<div class=\"elementor-widget-wrap elementor-element-populated\">\n\t\t\t\t\n\n\t\t<div class=\"elementor-element elementor-element-7430bee elementor-widget elementor-widget-sante_core_section_title\" data-id=\"7430bee\" data-element_type=\"widget\" data-e-type=\"widget\" data-widget_type=\"sante_core_section_title.default\">\n\t\t\t\t<div class=\"elementor-widget-container\">\n\t\t\t\t\t<div class=\"qodef-shortcode qodef-m  qodef-section-title qodef-alignment--left   qodef-st--caption\">\n\t\t    <span class=\"qodef-m-caption\" style=\"margin: 0 0 4px 0\">Busca algo en concreto?<\/span>\n\t\t<h2 class=\"qodef-m-title\" >\n\t\t\t\t\tB\u00fasqueda R\u00e1pida\t\t\t<\/h2>\n\t\t\t<\/div>\t\t\t\t<\/div>\n\t\t\t\t<\/div>\n\t\t\t\t<div class=\"elementor-element elementor-element-ffef064 elementor-widget elementor-widget-text-editor\" data-id=\"ffef064\" data-element_type=\"widget\" data-e-type=\"widget\" data-widget_type=\"text-editor.default\">\n\t\t\t\t<div class=\"elementor-widget-container\">\n\t\t\t\t\t\t\t\t\t<p>Escriba la palabra clave de su b\u00fasqueda aqu\u00ed debajo.<\/p>\t\t\t\t\t\t\t\t<\/div>\n\t\t\t\t<\/div>\n\t\t\t\t<div class=\"elementor-element elementor-element-c83fb3c elementor-widget-divider--view-line elementor-widget elementor-widget-divider\" data-id=\"c83fb3c\" data-element_type=\"widget\" data-e-type=\"widget\" data-widget_type=\"divider.default\">\n\t\t\t\t<div class=\"elementor-widget-container\">\n\t\t\t\t\t\t\t<div class=\"elementor-divider\">\n\t\t\t<span class=\"elementor-divider-separator\">\n\t\t\t\t\t\t<\/span>\n\t\t<\/div>\n\t\t\t\t\t\t<\/div>\n\t\t\t\t<\/div>\n\t\t\t\t<div class=\"elementor-element elementor-element-1d66f5c elementor-widget elementor-widget-sidebar\" data-id=\"1d66f5c\" data-element_type=\"widget\" data-e-type=\"widget\" data-widget_type=\"sidebar.default\">\n\t\t\t\t<div class=\"elementor-widget-container\">\n\t\t\t\t\t<div class=\"widget widget_search\" data-area=\"faq-sidebar\"><form role=\"search\" method=\"get\" class=\"qodef-search-form\" action=\"https:\/\/condadodemartiniega.com\/en\/\" data-trp-original-action=\"https:\/\/condadodemartiniega.com\/en\/\">\n\t<label for=\"qodef-search-form-69dc25b95d8de\" class=\"screen-reader-text\">Search for:<\/label>\n\t<div class=\"qodef-search-form-inner clear\">\n\t\t<input type=\"search\" id=\"qodef-search-form-69dc25b95d8de\" class=\"qodef-search-form-field\" value=\"\" name=\"s\" placeholder=\"Search\" \/>\n\t\t<button type=\"submit\" class=\"qodef-search-form-button\"><span class=\"qodef-icon-elegant-icons icon_search\" ><\/span><\/button>\n\t<\/div>\n<input type=\"hidden\" name=\"trp-form-language\" value=\"en\"\/><\/form>\n<\/div>\t\t\t\t<\/div>\n\t\t\t\t<\/div>\n\t\t\t\t\t<\/div>\n\t\t<\/div>\n\t\t\t\t<div class=\"elementor-column elementor-col-50 elementor-top-column elementor-element elementor-element-76b6b91\" data-id=\"76b6b91\" data-element_type=\"column\" data-e-type=\"column\">\n\t\t\t<div class=\"elementor-widget-wrap elementor-element-populated\">\n\t\t\t\t\t\t<div class=\"elementor-element elementor-element-3a60b27 elementor-widget elementor-widget-text-editor\" data-id=\"3a60b27\" data-element_type=\"widget\" data-e-type=\"widget\" id=\"2\" data-widget_type=\"text-editor.default\">\n\t\t\t\t<div class=\"elementor-widget-container\">\n\t\t\t\t\t\t\t\t\t<h4><b>PRIVACY POLICY - Sorry, but this legal text is only available in european spanish<\/b><\/h4>\t\t\t\t\t\t\t\t<\/div>\n\t\t\t\t<\/div>\n\t\t\t\t<div class=\"elementor-element elementor-element-794c14a elementor-widget elementor-widget-text-editor\" data-id=\"794c14a\" data-element_type=\"widget\" data-e-type=\"widget\" data-widget_type=\"text-editor.default\">\n\t\t\t\t<div class=\"elementor-widget-container\">\n\t\t\t\t\t\t\t\t\t<h6><b>LSSICE<\/b><\/h6><p><span style=\"font-weight: 400;\">ADAPTACI\u00d3N A LA LEY 34\/2002 DE SERVICIOS DE LA SOCIEDAD DE LA INFORMACI\u00d3N Y COMERCIO ELECTR\u00d3NICO (LSSICE).<\/span><\/p><h6><b>LEGAL ADVISE - Sorry, this legal text is only available in European Spanish<\/b><\/h6><p><i><span style=\"font-weight: 400;\">En cumplimiento del art\u00edculo 10 de la Ley 34\/2002, de 11 de julio, de Servicios de la Sociedad de la Informaci\u00f3n y Comercio Electr\u00f3nico (LSSICE) a continuaci\u00f3n se detallan los datos identificativos de la entidad:<\/span><\/i><\/p><p><i><span style=\"font-weight: 400;\">Raz\u00f3n social: J.G. HAUTE CUISINE, S.M.C.<\/span><\/i><\/p><p><i><span style=\"font-weight: 400;\">Nombre Comercial: CONDADO DE MARTINIEGA<\/span><\/i><\/p><p><i><span style=\"font-weight: 400;\">CIF: F71303358<\/span><\/i><\/p><p><i><span style=\"font-weight: 400;\">Direcci\u00f3n: C\/ GUIP\u00daZCOA 24, 2\u00ba IZDA., 31591 CORELLA (NAVARRA), ESPA\u00d1A<\/span><\/i><\/p><p><i><span style=\"font-weight: 400;\">Tel\u00e9fono: +34 630 891 736<\/span><\/i><\/p><p><i><span style=\"font-weight: 400;\">Email: <\/span><\/i><a href=\"mailto:dpd@condadodemartiniega.com\"><i><span style=\"font-weight: 400;\">dpd@condadodemartiniega.com<\/span><\/i><\/a><\/p><p><i><span style=\"font-weight: 400;\">Web: <\/span><\/i><a href=\"https:\/\/condadodemartiniega.com\/en\/\"><i><span style=\"font-weight: 400;\">www.condadodemartiniega.com<\/span><\/i><\/a><\/p><h6><b><i>FINALIDAD DE LA P\u00c1GINA WEB<\/i><\/b><\/h6><p><i><span style=\"font-weight: 400;\">El objetivo de la web <\/span><\/i><a href=\"https:\/\/condadodemartiniega.com\/en\/\"><i><span style=\"font-weight: 400;\">www.condadodemartiniega.com<\/span><\/i><\/a> <i><span style=\"font-weight: 400;\">es la de presentar digitalmente nuestra empresa,\u00a0 nuestros valores y pr\u00e1cticas as\u00ed como la de comercializar diferentes productos.\u00a0<\/span><\/i><\/p><p><i><span style=\"font-weight: 400;\">El presente aviso legal (en adelante, el \u201cAviso Legal\u201d) regula el uso del sitio web:<\/span><\/i> <a href=\"https:\/\/condadodemartiniega.com\/en\/\"><i><span style=\"font-weight: 400;\">www.condadodemartiniega.com<\/span><\/i><\/a><\/p><h6><b><i>LEGISLACI\u00d3N<\/i><\/b><\/h6><p><i><span style=\"font-weight: 400;\">Con car\u00e1cter general las relaciones entre J.G. HAUTE CUISINE, S.M.C. y los Usuarios de sus servicios telem\u00e1ticos, presentes en este sitio web, se encuentran sometidas a la legislaci\u00f3n y jurisdicci\u00f3n espa\u00f1olas.<\/span><\/i><\/p><h6><b><i>USO Y ACCESO DE USUARIOS<\/i><\/b><\/h6><p><i><span style=\"font-weight: 400;\">El Usuario queda informado, y acepta, que el acceso a la presente web no supone, en modo alguno, el inicio de una relaci\u00f3n comercial con J.G. HAUTE CUISINE, S.M.C. o cualquiera de sus delegaciones.<\/span><\/i><\/p><h6><b><i>PROPIEDAD INTELECTUAL E INDUSTRIAL<\/i><\/b><\/h6><p><i><span style=\"font-weight: 400;\">J.G. HAUTE CUISINE, S.M.C. ostenta todos los derechos sobre el contenido, dise\u00f1o y c\u00f3digo fuente de esta p\u00e1gina Web y, en especial, con car\u00e1cter enunciativo pero no limitativo, sobre las fotograf\u00edas, im\u00e1genes, textos, logos, dise\u00f1os, marcas, nombres comerciales y datos que se incluyen en la Web.<\/span><\/i><\/p><p><i><span style=\"font-weight: 400;\">Se advierte a CLIENTES y USUARIOS de que tales derechos est\u00e1n protegidos por la legislaci\u00f3n vigente espa\u00f1ola e internacional relativa a la propiedad intelectual e industrial.<\/span><\/i><\/p><p><i><span style=\"font-weight: 400;\">Asimismo, y sin prejuicio de lo anterior, el contenido de esta Web tambi\u00e9n tiene la consideraci\u00f3n de programa inform\u00e1tico, y por lo tanto, le resulta tambi\u00e9n de aplicaci\u00f3n toda la normativa espa\u00f1ola y comunitaria europea vigente en la materia.<\/span><\/i><\/p><p><i><span style=\"font-weight: 400;\">Queda expresamente prohibida la reproducci\u00f3n total o parcial de esta Web o cualquiera de sus contenidos as\u00ed como la copia, distribuci\u00f3n, comercializaci\u00f3n, comunicaci\u00f3n p\u00fablica, transformaci\u00f3n o cualquier otra actividad que se pueda realizar con los contenidos de sus p\u00e1ginas web ni a\u00fan citando las fuentes, salvo consentimiento por escrito de J.G. HAUTE CUISINE, S.M.C.<\/span><\/i><\/p><h6><b><i>MEDIDAS DE SEGURIDAD<\/i><\/b><\/h6><p><i><span style=\"font-weight: 400;\">J.G. HAUTE CUISINE, S.M.C. aplicar\u00e1 medidas t\u00e9cnicas y organizativas apropiadas para garantizar un nivel de seguridad adecuado al riesgo del mismo.<\/span><\/i><\/p><p><i><span style=\"font-weight: 400;\">Ahora bien, el VENDEDOR informa que no garantiza:<\/span><\/i><\/p><ul><li style=\"font-weight: 400;\" aria-level=\"1\"><i><span style=\"font-weight: 400;\">Que el acceso a la Web y\/o a las Web de enlace sea ininterrumpido o libre de error.\u00a0<\/span><\/i><\/li><\/ul><ul><li style=\"font-weight: 400;\" aria-level=\"1\"><i><span style=\"font-weight: 400;\">Que el contenido o software al que los CLIENTES y USUARIOS accedan a trav\u00e9s de la Web o de las Web de enlace no contenga error alguno, virus inform\u00e1tico u otros elementos en los contenidos que puedan producir alteraciones en su sistema o en los documentos electr\u00f3nicos y ficheros almacenados en su sistema inform\u00e1tico o cause otro tipo de da\u00f1o.<\/span><\/i><\/li><\/ul><ul><li style=\"font-weight: 400;\" aria-level=\"1\"><i><span style=\"font-weight: 400;\">El aprovechamiento que de la informaci\u00f3n o contenido de esta Web o Webs de enlace que los CLIENTES y USUARIOS pudieran realizar para prop\u00f3sitos personales.<\/span><\/i><\/li><\/ul><h6><b><i>CONTENIDO DE LA WEB Y ENLACES (LINKS)<\/i><\/b><\/h6><p><i><span style=\"font-weight: 400;\">J.G. HAUTE CUISINE, S.M.C. se reserva el derecho de modificar, actualizar o eliminar la presente pol\u00edtica con el objeto de adaptarla a las novedades legislativas\u00a0 jurisprudenciales as\u00ed como las que pudieran derivarse de c\u00f3digos tipo existentes en la materia o por motivos corporativos.<\/span><\/i><\/p><p><i><span style=\"font-weight: 400;\">Tales cambios ser\u00e1n comunicados con la antelaci\u00f3n que fuera necesaria en nuestra web, sin perjuicio de reclamar el consentimiento necesario de los afectados cuando \u00e9ste no se considerase otorgado con arreglo a los t\u00e9rminos de la presente pol\u00edtica.<\/span><\/i><\/p><p><i><span style=\"font-weight: 400;\">J.G. HAUTE CUISINE, S.M.C. no asume responsabilidad alguna por la informaci\u00f3n contenida en p\u00e1ginas web de terceros a las que se pueda acceder por \u201clinks\u201d o enlaces desde cualquier p\u00e1gina web propiedad de J.G. HAUTE CUISINE, S.M.C. La presencia de \u201clinks\u201d o enlaces en las p\u00e1ginas web de J.G. HAUTE CUISINE, S.M.C. tiene finalidad meramente informativa y en ning\u00fan caso supone sugerencia, invitaci\u00f3n o recomendaci\u00f3n sobre los mismos.<\/span><\/i><\/p><p><i><span style=\"font-weight: 400;\">J.G. HAUTE CUISINE, S.M.C. no ser\u00e1 responsable en ning\u00fan caso cuando se produzcan:<\/span><\/i><\/p><ul><li style=\"font-weight: 400;\" aria-level=\"1\"><i><span style=\"font-weight: 400;\">Errores o retrasos en el acceso al Sitio Web por parte del Cliente a la hora de introducir sus datos en el formulario de pedido, la lentitud o imposibilidad de recepci\u00f3n por parte de los destinatarios de la confirmaci\u00f3n del pedido o cualquier anomal\u00eda que pueda surgir cuando estas incidencias sean debidas a problemas en la red Internet, causas de caso fortuito o fuerza mayor y cualquier otra contingencia imprevisible ajena a la buena fe del VENDEDOR.<\/span><\/i><\/li><\/ul><ul><li style=\"font-weight: 400;\" aria-level=\"1\"><i><span style=\"font-weight: 400;\">Fallos o incidencias que pudieran producirse en las comunicaciones, borrado o transmisiones incompletas, de manera que no se garantiza que los servicios del sitio Web est\u00e9n constantemente operativos.<\/span><\/i><\/li><\/ul><ul><li style=\"font-weight: 400;\" aria-level=\"1\"><i><span style=\"font-weight: 400;\">De los errores o da\u00f1os producidos al sitio web por un uso del servicio ineficiente y de mala fe por parte del CLIENTE.<\/span><\/i><\/li><\/ul><ul><li style=\"font-weight: 400;\" aria-level=\"1\"><i><span style=\"font-weight: 400;\">De la no operatividad o problemas en la direcci\u00f3n de email facilitada por el CLIENTE para el env\u00edo de la confirmaci\u00f3n del pedido.<\/span><\/i><\/li><\/ul><ul><li style=\"font-weight: 400;\" aria-level=\"1\"><i><span style=\"font-weight: 400;\">En todo caso, el VENDEDOR se compromete a solucionar los problemas que puedan surgir y a ofrecer todo el apoyo necesario al CLIENTE para llegar a una soluci\u00f3n r\u00e1pida y satisfactoria de la incidencia.<\/span><\/i><\/li><\/ul><ul><li style=\"font-weight: 400;\" aria-level=\"1\"><i><span style=\"font-weight: 400;\">Asimismo, el VENDEDOR tiene derecho a realizar durante intervalos temporales definidos, campa\u00f1as promocionales para promover el registro de nuevos miembros en su servicio. El VENDEDOR se reserva el derecho de modificar las condiciones de aplicaci\u00f3n de las promociones, prorrogarlas comunic\u00e1ndolo debidamente, o proceder a la exclusi\u00f3n de cualquiera de los participantes de la promoci\u00f3n en el supuesto de detectar cualquier anomal\u00eda, abuso o comportamiento poco \u00e9tico en la participaci\u00f3n de los mismos.<\/span><\/i><\/li><\/ul><p>\u00a0<\/p><p><i><span style=\"font-weight: 400;\">Cualquier duda, preguntas o comentarios que pudiera albergar con referencia a la presente normativa, puede consultarla dirigiendo su comunicaci\u00f3n al respecto a <\/span><\/i><a href=\"mailto:dpd@condadodemartiniega.com\"><i><span style=\"font-weight: 400;\">dpd@condadodemartiniega.com<\/span><\/i><\/a><i><span style=\"font-weight: 400;\">.<\/span><\/i><\/p><h6><b>NULIDAD<\/b><\/h6><p><i><span style=\"font-weight: 400;\">En caso de que cualquier cl\u00e1usula de las presentes Condiciones de Uso sea declarada nula, las dem\u00e1s cl\u00e1usulas seguir\u00e1n vigentes y se interpretar\u00e1n teniendo en cuenta la voluntad de las partes y la finalidad misma de las presentes Condiciones de Uso.<\/span><\/i><\/p><p><i><span style=\"font-weight: 400;\">El VENDEDOR podr\u00e1 no ejercitar alguno de los derechos y facultades conferidos en este documento lo que no implicar\u00e1 en ning\u00fan caso la renuncia a los mismos salvo reconocimiento expreso por parte del VENDEDOR o prescripci\u00f3n de la acci\u00f3n que en cada caso corresponda.<\/span><\/i><\/p>\t\t\t\t\t\t\t\t<\/div>\n\t\t\t\t<\/div>\n\t\t\t\t\t<\/div>\n\t\t<\/div>\n\t\t\t\t\t<\/div>\n\t\t<\/section>\n\t\t\t\t<\/div>","protected":false},"excerpt":{"rendered":"<p>Busca algo en concreto? B\u00fasqueda R\u00e1pida Escriba la palabra clave de su b\u00fasqueda aqu\u00ed debajo. POL\u00cdTICA DE PRIVACIDAD LSSICE ADAPTACI\u00d3N A LA LEY 34\/2002 DE SERVICIOS DE LA SOCIEDAD DE LA INFORMACI\u00d3N Y COMERCIO ELECTR\u00d3NICO (LSSICE). AVISO LEGAL En cumplimiento del art\u00edculo 10 de la Ley 34\/2002, de 11 de julio, de Servicios de la [&hellip;]<\/p>\n","protected":false},"author":1,"featured_media":0,"parent":0,"menu_order":0,"comment_status":"closed","ping_status":"closed","template":"page-full-width.php","meta":{"_acf_changed":false,"_monsterinsights_skip_tracking":false,"_monsterinsights_sitenote_active":false,"_monsterinsights_sitenote_note":"","_monsterinsights_sitenote_category":0,"footnotes":""},"class_list":["post-5103","page","type-page","status-publish","hentry"],"acf":[],"yoast_head":"<!-- This site is optimized with the Yoast SEO plugin v27.3 - https:\/\/yoast.com\/product\/yoast-seo-wordpress\/ -->\n<title>POL\u00cdTICA DE PRIVACIDAD - Condado de Martiniega<\/title>\n<meta name=\"robots\" content=\"index, follow, max-snippet:-1, max-image-preview:large, max-video-preview:-1\" \/>\n<link rel=\"canonical\" href=\"https:\/\/condadodemartiniega.com\/en\/politica-de-privacidad\/\" \/>\n<meta property=\"og:locale\" content=\"en_GB\" \/>\n<meta property=\"og:type\" content=\"article\" \/>\n<meta property=\"og:title\" content=\"POL\u00cdTICA DE PRIVACIDAD - Condado de Martiniega\" \/>\n<meta property=\"og:description\" content=\"Busca algo en concreto? B\u00fasqueda R\u00e1pida Escriba la palabra clave de su b\u00fasqueda aqu\u00ed debajo. POL\u00cdTICA DE PRIVACIDAD LSSICE ADAPTACI\u00d3N A LA LEY 34\/2002 DE SERVICIOS DE LA SOCIEDAD DE LA INFORMACI\u00d3N Y COMERCIO ELECTR\u00d3NICO (LSSICE). AVISO LEGAL En cumplimiento del art\u00edculo 10 de la Ley 34\/2002, de 11 de julio, de Servicios de la [&hellip;]\" \/>\n<meta property=\"og:url\" content=\"https:\/\/condadodemartiniega.com\/en\/politica-de-privacidad\/\" \/>\n<meta property=\"og:site_name\" content=\"Condado de Martiniega\" \/>\n<meta property=\"article:publisher\" content=\"https:\/\/www.facebook.com\/martiniegaoliveoil\" \/>\n<meta property=\"article:modified_time\" content=\"2022-02-15T15:13:28+00:00\" \/>\n<meta property=\"og:image\" content=\"https:\/\/i0.wp.com\/condadodemartiniega.com\/wp-content\/uploads\/2022\/02\/Layer-2.jpg?fit=1920%2C1080&ssl=1\" \/>\n\t<meta property=\"og:image:width\" content=\"1920\" \/>\n\t<meta property=\"og:image:height\" content=\"1080\" \/>\n\t<meta property=\"og:image:type\" content=\"image\/jpeg\" \/>\n<meta name=\"twitter:card\" content=\"summary_large_image\" \/>\n<meta name=\"twitter:label1\" content=\"Estimated reading time\" \/>\n\t<meta name=\"twitter:data1\" content=\"6 minutes\" \/>\n<script type=\"application\/ld+json\" class=\"yoast-schema-graph\">{\"@context\":\"https:\\\/\\\/schema.org\",\"@graph\":[{\"@type\":\"WebPage\",\"@id\":\"https:\\\/\\\/condadodemartiniega.com\\\/en\\\/politica-de-privacidad\\\/\",\"url\":\"https:\\\/\\\/condadodemartiniega.com\\\/en\\\/politica-de-privacidad\\\/\",\"name\":\"POL\u00cdTICA DE PRIVACIDAD - Condado de Martiniega\",\"isPartOf\":{\"@id\":\"https:\\\/\\\/condadodemartiniega.com\\\/#website\"},\"datePublished\":\"2021-11-08T16:57:34+00:00\",\"dateModified\":\"2022-02-15T15:13:28+00:00\",\"breadcrumb\":{\"@id\":\"https:\\\/\\\/condadodemartiniega.com\\\/en\\\/politica-de-privacidad\\\/#breadcrumb\"},\"inLanguage\":\"en-GB\",\"potentialAction\":[{\"@type\":\"ReadAction\",\"target\":[\"https:\\\/\\\/condadodemartiniega.com\\\/en\\\/politica-de-privacidad\\\/\"]}]},{\"@type\":\"BreadcrumbList\",\"@id\":\"https:\\\/\\\/condadodemartiniega.com\\\/en\\\/politica-de-privacidad\\\/#breadcrumb\",\"itemListElement\":[{\"@type\":\"ListItem\",\"position\":1,\"name\":\"Home\",\"item\":\"https:\\\/\\\/condadodemartiniega.com\\\/\"},{\"@type\":\"ListItem\",\"position\":2,\"name\":\"POL\u00cdTICA DE PRIVACIDAD\"}]},{\"@type\":\"WebSite\",\"@id\":\"https:\\\/\\\/condadodemartiniega.com\\\/#website\",\"url\":\"https:\\\/\\\/condadodemartiniega.com\\\/\",\"name\":\"Condado de Martiniega - Aceite de Oliva\",\"description\":\"Aceite de Oliva Virgen Extra\",\"publisher\":{\"@id\":\"https:\\\/\\\/condadodemartiniega.com\\\/#organization\"},\"alternateName\":\"Martiniega Olive Oil\",\"potentialAction\":[{\"@type\":\"SearchAction\",\"target\":{\"@type\":\"EntryPoint\",\"urlTemplate\":\"https:\\\/\\\/condadodemartiniega.com\\\/?s={search_term_string}\"},\"query-input\":{\"@type\":\"PropertyValueSpecification\",\"valueRequired\":true,\"valueName\":\"search_term_string\"}}],\"inLanguage\":\"en-GB\"},{\"@type\":\"Organization\",\"@id\":\"https:\\\/\\\/condadodemartiniega.com\\\/#organization\",\"name\":\"Condado de Martiniega - Aceite de Oliva\",\"url\":\"https:\\\/\\\/condadodemartiniega.com\\\/\",\"logo\":{\"@type\":\"ImageObject\",\"inLanguage\":\"en-GB\",\"@id\":\"https:\\\/\\\/condadodemartiniega.com\\\/#\\\/schema\\\/logo\\\/image\\\/\",\"url\":\"https:\\\/\\\/i0.wp.com\\\/condadodemartiniega.com\\\/wp-content\\\/uploads\\\/2021\\\/02\\\/cropped-CdM-logo-600_Colour.png?fit=1251%2C1251&ssl=1\",\"contentUrl\":\"https:\\\/\\\/i0.wp.com\\\/condadodemartiniega.com\\\/wp-content\\\/uploads\\\/2021\\\/02\\\/cropped-CdM-logo-600_Colour.png?fit=1251%2C1251&ssl=1\",\"width\":1251,\"height\":1251,\"caption\":\"Condado de Martiniega - Aceite de Oliva\"},\"image\":{\"@id\":\"https:\\\/\\\/condadodemartiniega.com\\\/#\\\/schema\\\/logo\\\/image\\\/\"},\"sameAs\":[\"https:\\\/\\\/www.facebook.com\\\/martiniegaoliveoil\",\"https:\\\/\\\/www.instagram.com\\\/martiniegaoliveoil\\\/\"]}]}<\/script>\n<!-- \/ Yoast SEO plugin. -->","yoast_head_json":{"title":"POL\u00cdTICA DE PRIVACIDAD - Condado de Martiniega","robots":{"index":"index","follow":"follow","max-snippet":"max-snippet:-1","max-image-preview":"max-image-preview:large","max-video-preview":"max-video-preview:-1"},"canonical":"https:\/\/condadodemartiniega.com\/en\/politica-de-privacidad\/","og_locale":"en_GB","og_type":"article","og_title":"POL\u00cdTICA DE PRIVACIDAD - Condado de Martiniega","og_description":"Busca algo en concreto? B\u00fasqueda R\u00e1pida Escriba la palabra clave de su b\u00fasqueda aqu\u00ed debajo. POL\u00cdTICA DE PRIVACIDAD LSSICE ADAPTACI\u00d3N A LA LEY 34\/2002 DE SERVICIOS DE LA SOCIEDAD DE LA INFORMACI\u00d3N Y COMERCIO ELECTR\u00d3NICO (LSSICE). AVISO LEGAL En cumplimiento del art\u00edculo 10 de la Ley 34\/2002, de 11 de julio, de Servicios de la [&hellip;]","og_url":"https:\/\/condadodemartiniega.com\/en\/politica-de-privacidad\/","og_site_name":"Condado de Martiniega","article_publisher":"https:\/\/www.facebook.com\/martiniegaoliveoil","article_modified_time":"2022-02-15T15:13:28+00:00","og_image":[{"width":1920,"height":1080,"url":"https:\/\/i0.wp.com\/condadodemartiniega.com\/wp-content\/uploads\/2022\/02\/Layer-2.jpg?fit=1920%2C1080&ssl=1","type":"image\/jpeg"}],"twitter_card":"summary_large_image","twitter_misc":{"Estimated reading time":"6 minutes"},"schema":{"@context":"https:\/\/schema.org","@graph":[{"@type":"WebPage","@id":"https:\/\/condadodemartiniega.com\/en\/politica-de-privacidad\/","url":"https:\/\/condadodemartiniega.com\/en\/politica-de-privacidad\/","name":"POL\u00cdTICA DE PRIVACIDAD - Condado de Martiniega","isPartOf":{"@id":"https:\/\/condadodemartiniega.com\/#website"},"datePublished":"2021-11-08T16:57:34+00:00","dateModified":"2022-02-15T15:13:28+00:00","breadcrumb":{"@id":"https:\/\/condadodemartiniega.com\/en\/politica-de-privacidad\/#breadcrumb"},"inLanguage":"en-GB","potentialAction":[{"@type":"ReadAction","target":["https:\/\/condadodemartiniega.com\/en\/politica-de-privacidad\/"]}]},{"@type":"BreadcrumbList","@id":"https:\/\/condadodemartiniega.com\/en\/politica-de-privacidad\/#breadcrumb","itemListElement":[{"@type":"ListItem","position":1,"name":"Home","item":"https:\/\/condadodemartiniega.com\/"},{"@type":"ListItem","position":2,"name":"POL\u00cdTICA DE PRIVACIDAD"}]},{"@type":"WebSite","@id":"https:\/\/condadodemartiniega.com\/#website","url":"https:\/\/condadodemartiniega.com\/","name":"Condado de Martiniega - Aceite de Oliva","description":"Extra Virgin Olive Oil","publisher":{"@id":"https:\/\/condadodemartiniega.com\/#organization"},"alternateName":"Martiniega Olive Oil","potentialAction":[{"@type":"SearchAction","target":{"@type":"EntryPoint","urlTemplate":"https:\/\/condadodemartiniega.com\/?s={search_term_string}"},"query-input":{"@type":"PropertyValueSpecification","valueRequired":true,"valueName":"search_term_string"}}],"inLanguage":"en-GB"},{"@type":"Organization","@id":"https:\/\/condadodemartiniega.com\/#organization","name":"Condado de Martiniega - Aceite de Oliva","url":"https:\/\/condadodemartiniega.com\/","logo":{"@type":"ImageObject","inLanguage":"en-GB","@id":"https:\/\/condadodemartiniega.com\/#\/schema\/logo\/image\/","url":"https:\/\/i0.wp.com\/condadodemartiniega.com\/wp-content\/uploads\/2021\/02\/cropped-CdM-logo-600_Colour.png?fit=1251%2C1251&ssl=1","contentUrl":"https:\/\/i0.wp.com\/condadodemartiniega.com\/wp-content\/uploads\/2021\/02\/cropped-CdM-logo-600_Colour.png?fit=1251%2C1251&ssl=1","width":1251,"height":1251,"caption":"Condado de Martiniega - Aceite de Oliva"},"image":{"@id":"https:\/\/condadodemartiniega.com\/#\/schema\/logo\/image\/"},"sameAs":["https:\/\/www.facebook.com\/martiniegaoliveoil","https:\/\/www.instagram.com\/martiniegaoliveoil\/"]}]}},"jetpack-related-posts":[],"jetpack_sharing_enabled":true,"_links":{"self":[{"href":"https:\/\/condadodemartiniega.com\/en\/wp-json\/wp\/v2\/pages\/5103","targetHints":{"allow":["GET"]}}],"collection":[{"href":"https:\/\/condadodemartiniega.com\/en\/wp-json\/wp\/v2\/pages"}],"about":[{"href":"https:\/\/condadodemartiniega.com\/en\/wp-json\/wp\/v2\/types\/page"}],"author":[{"embeddable":true,"href":"https:\/\/condadodemartiniega.com\/en\/wp-json\/wp\/v2\/users\/1"}],"replies":[{"embeddable":true,"href":"https:\/\/condadodemartiniega.com\/en\/wp-json\/wp\/v2\/comments?post=5103"}],"version-history":[{"count":10,"href":"https:\/\/condadodemartiniega.com\/en\/wp-json\/wp\/v2\/pages\/5103\/revisions"}],"predecessor-version":[{"id":5838,"href":"https:\/\/condadodemartiniega.com\/en\/wp-json\/wp\/v2\/pages\/5103\/revisions\/5838"}],"wp:attachment":[{"href":"https:\/\/condadodemartiniega.com\/en\/wp-json\/wp\/v2\/media?parent=5103"}],"curies":[{"name":"wp","href":"https:\/\/api.w.org\/{rel}","templated":true}]}}