{"id":5392,"date":"2021-12-29T17:08:54","date_gmt":"2021-12-29T17:08:54","guid":{"rendered":"https:\/\/condadodemartiniega.com\/?page_id=5392"},"modified":"2022-02-14T23:45:20","modified_gmt":"2022-02-14T23:45:20","slug":"terminos-y-condiciones-4","status":"publish","type":"page","link":"https:\/\/condadodemartiniega.com\/en\/consentimiento-rgpd","title":{"rendered":"CONSENTIMIENTO RGPD"},"content":{"rendered":"<div data-elementor-type=\"wp-page\" data-elementor-id=\"5392\" class=\"elementor elementor-5392\" data-elementor-post-type=\"page\">\n\t\t\t\t\t\t<section class=\"elementor-section elementor-top-section elementor-element elementor-element-8d593b5 elementor-section-full_width qodef-elementor-content-grid elementor-section-height-default elementor-section-height-default\" data-id=\"8d593b5\" data-element_type=\"section\" data-e-type=\"section\">\n\t\t\t\t\t\t<div class=\"elementor-container elementor-column-gap-default\">\n\t\t\t\t\t<div class=\"elementor-column elementor-col-50 elementor-top-column elementor-element elementor-element-77884f6\" data-id=\"77884f6\" data-element_type=\"column\" data-e-type=\"column\">\n\t\t\t<div class=\"elementor-widget-wrap elementor-element-populated\">\n\t\t\t\t\n\n\t\t<div class=\"elementor-element elementor-element-7430bee elementor-widget elementor-widget-sante_core_section_title\" data-id=\"7430bee\" data-element_type=\"widget\" data-e-type=\"widget\" data-widget_type=\"sante_core_section_title.default\">\n\t\t\t\t<div class=\"elementor-widget-container\">\n\t\t\t\t\t<div class=\"qodef-shortcode qodef-m  qodef-section-title qodef-alignment--left   qodef-st--caption\">\n\t\t    <span class=\"qodef-m-caption\" style=\"margin: 0 0 4px 0\">Busca algo en concreto?<\/span>\n\t\t<h2 class=\"qodef-m-title\" >\n\t\t\t\t\tB\u00fasqueda R\u00e1pida\t\t\t<\/h2>\n\t\t\t<\/div>\t\t\t\t<\/div>\n\t\t\t\t<\/div>\n\t\t\t\t<div class=\"elementor-element elementor-element-ffef064 elementor-widget elementor-widget-text-editor\" data-id=\"ffef064\" data-element_type=\"widget\" data-e-type=\"widget\" data-widget_type=\"text-editor.default\">\n\t\t\t\t<div class=\"elementor-widget-container\">\n\t\t\t\t\t\t\t\t\t<p>Escriba la palabra clave de su b\u00fasqueda aqu\u00ed debajo.<\/p>\t\t\t\t\t\t\t\t<\/div>\n\t\t\t\t<\/div>\n\t\t\t\t<div class=\"elementor-element elementor-element-c83fb3c elementor-widget-divider--view-line elementor-widget elementor-widget-divider\" data-id=\"c83fb3c\" data-element_type=\"widget\" data-e-type=\"widget\" data-widget_type=\"divider.default\">\n\t\t\t\t<div class=\"elementor-widget-container\">\n\t\t\t\t\t\t\t<div class=\"elementor-divider\">\n\t\t\t<span class=\"elementor-divider-separator\">\n\t\t\t\t\t\t<\/span>\n\t\t<\/div>\n\t\t\t\t\t\t<\/div>\n\t\t\t\t<\/div>\n\t\t\t\t<div class=\"elementor-element elementor-element-1d66f5c elementor-widget elementor-widget-sidebar\" data-id=\"1d66f5c\" data-element_type=\"widget\" data-e-type=\"widget\" data-widget_type=\"sidebar.default\">\n\t\t\t\t<div class=\"elementor-widget-container\">\n\t\t\t\t\t<div class=\"widget widget_search\" data-area=\"faq-sidebar\"><form role=\"search\" method=\"get\" class=\"qodef-search-form\" action=\"https:\/\/condadodemartiniega.com\/en\/\" data-trp-original-action=\"https:\/\/condadodemartiniega.com\/en\/\">\n\t<label for=\"qodef-search-form-69d3f0a9c0e19\" class=\"screen-reader-text\">Search for:<\/label>\n\t<div class=\"qodef-search-form-inner clear\">\n\t\t<input type=\"search\" id=\"qodef-search-form-69d3f0a9c0e19\" class=\"qodef-search-form-field\" value=\"\" name=\"s\" placeholder=\"Search\" \/>\n\t\t<button type=\"submit\" class=\"qodef-search-form-button\"><span class=\"qodef-icon-elegant-icons icon_search\" ><\/span><\/button>\n\t<\/div>\n<input type=\"hidden\" name=\"trp-form-language\" value=\"en\"\/><\/form>\n<\/div>\t\t\t\t<\/div>\n\t\t\t\t<\/div>\n\t\t\t\t\t<\/div>\n\t\t<\/div>\n\t\t\t\t<div class=\"elementor-column elementor-col-50 elementor-top-column elementor-element elementor-element-76b6b91\" data-id=\"76b6b91\" data-element_type=\"column\" data-e-type=\"column\">\n\t\t\t<div class=\"elementor-widget-wrap elementor-element-populated\">\n\t\t\t\t\t\t<div class=\"elementor-element elementor-element-5f4aa84 elementor-widget elementor-widget-text-editor\" data-id=\"5f4aa84\" data-element_type=\"widget\" data-e-type=\"widget\" id=\"5\" data-widget_type=\"text-editor.default\">\n\t\t\t\t<div class=\"elementor-widget-container\">\n\t\t\t\t\t\t\t\t\t<h4><b>CONSENTIMIENTO RGPD<\/b><\/h4>\t\t\t\t\t\t\t\t<\/div>\n\t\t\t\t<\/div>\n\t\t\t\t<div class=\"elementor-element elementor-element-e7248cd elementor-widget elementor-widget-text-editor\" data-id=\"e7248cd\" data-element_type=\"widget\" data-e-type=\"widget\" data-widget_type=\"text-editor.default\">\n\t\t\t\t<div class=\"elementor-widget-container\">\n\t\t\t\t\t\t\t\t\t<p><span style=\"font-weight: 400;\">J.G. HAUTE CUISINE, S.M.C., utilizar\u00e1 la informaci\u00f3n proporcionada en este formulario para procesar su pedido, mejorar su experiencia en esta web y poder brindarle actualizaciones, promociones y campa\u00f1as de marketing, as\u00ed como otros prop\u00f3sitos descritos en nuestra <\/span><span style=\"font-weight: 400;\">Privacy Policy<\/span><span style=\"font-weight: 400;\">. No compartiremos ni venderemos su informaci\u00f3n personal de ninguna manera. Puede cancelar la suscripci\u00f3n en cualquier momento haciendo clic en el enlace en el pie de p\u00e1gina de nuestros correos electr\u00f3nicos o respondiendo a los mismos y solicitando su cancelaci\u00f3n. Para m\u00e1s informaci\u00f3n por favor lea nuestra <\/span><span style=\"font-weight: 400;\">Privacy Policy<\/span><span style=\"font-weight: 400;\"> as\u00ed como las <\/span><span style=\"font-weight: 400;\">General Conditions for Purchasing<\/span><span style=\"font-weight: 400;\">.<\/span><\/p>\t\t\t\t\t\t\t\t<\/div>\n\t\t\t\t<\/div>\n\t\t\t\t\t<\/div>\n\t\t<\/div>\n\t\t\t\t\t<\/div>\n\t\t<\/section>\n\t\t\t\t<\/div>","protected":false},"excerpt":{"rendered":"<p>Busca algo en concreto? B\u00fasqueda R\u00e1pida Escriba la palabra clave de su b\u00fasqueda aqu\u00ed debajo. CONSENTIMIENTO RGPD J.G. HAUTE CUISINE, S.M.C., utilizar\u00e1 la informaci\u00f3n proporcionada en este formulario para procesar su pedido, mejorar su experiencia en esta web y poder brindarle actualizaciones, promociones y campa\u00f1as de marketing, as\u00ed como otros prop\u00f3sitos descritos en nuestra Pol\u00edtica [&hellip;]<\/p>\n","protected":false},"author":1,"featured_media":0,"parent":0,"menu_order":0,"comment_status":"closed","ping_status":"closed","template":"page-full-width.php","meta":{"_acf_changed":false,"_monsterinsights_skip_tracking":false,"_monsterinsights_sitenote_active":false,"_monsterinsights_sitenote_note":"","_monsterinsights_sitenote_category":0,"footnotes":""},"class_list":["post-5392","page","type-page","status-publish","hentry"],"acf":[],"yoast_head":"<!-- This site is optimized with the Yoast SEO plugin v27.3 - https:\/\/yoast.com\/product\/yoast-seo-wordpress\/ -->\n<title>CONSENTIMIENTO RGPD - Condado de Martiniega<\/title>\n<meta name=\"robots\" content=\"index, follow, max-snippet:-1, max-image-preview:large, max-video-preview:-1\" \/>\n<link rel=\"canonical\" href=\"https:\/\/condadodemartiniega.com\/en\/consentimiento-rgpd\/\" \/>\n<meta property=\"og:locale\" content=\"en_GB\" \/>\n<meta property=\"og:type\" content=\"article\" \/>\n<meta property=\"og:title\" content=\"CONSENTIMIENTO RGPD - Condado de Martiniega\" \/>\n<meta property=\"og:description\" content=\"Busca algo en concreto? B\u00fasqueda R\u00e1pida Escriba la palabra clave de su b\u00fasqueda aqu\u00ed debajo. CONSENTIMIENTO RGPD J.G. HAUTE CUISINE, S.M.C., utilizar\u00e1 la informaci\u00f3n proporcionada en este formulario para procesar su pedido, mejorar su experiencia en esta web y poder brindarle actualizaciones, promociones y campa\u00f1as de marketing, as\u00ed como otros prop\u00f3sitos descritos en nuestra Pol\u00edtica [&hellip;]\" \/>\n<meta property=\"og:url\" content=\"https:\/\/condadodemartiniega.com\/en\/consentimiento-rgpd\/\" \/>\n<meta property=\"og:site_name\" content=\"Condado de Martiniega\" \/>\n<meta property=\"article:publisher\" content=\"https:\/\/www.facebook.com\/martiniegaoliveoil\" \/>\n<meta property=\"article:modified_time\" content=\"2022-02-14T23:45:20+00:00\" \/>\n<meta property=\"og:image\" content=\"https:\/\/i0.wp.com\/condadodemartiniega.com\/wp-content\/uploads\/2022\/02\/Layer-2.jpg?fit=1920%2C1080&ssl=1\" \/>\n\t<meta property=\"og:image:width\" content=\"1920\" \/>\n\t<meta property=\"og:image:height\" content=\"1080\" \/>\n\t<meta property=\"og:image:type\" content=\"image\/jpeg\" \/>\n<meta name=\"twitter:card\" content=\"summary_large_image\" \/>\n<meta name=\"twitter:label1\" content=\"Estimated reading time\" \/>\n\t<meta name=\"twitter:data1\" content=\"1 minute\" \/>\n<script type=\"application\/ld+json\" class=\"yoast-schema-graph\">{\"@context\":\"https:\\\/\\\/schema.org\",\"@graph\":[{\"@type\":\"WebPage\",\"@id\":\"https:\\\/\\\/condadodemartiniega.com\\\/consentimiento-rgpd\\\/\",\"url\":\"https:\\\/\\\/condadodemartiniega.com\\\/consentimiento-rgpd\\\/\",\"name\":\"CONSENTIMIENTO RGPD - Condado de Martiniega\",\"isPartOf\":{\"@id\":\"https:\\\/\\\/condadodemartiniega.com\\\/#website\"},\"datePublished\":\"2021-12-29T17:08:54+00:00\",\"dateModified\":\"2022-02-14T23:45:20+00:00\",\"breadcrumb\":{\"@id\":\"https:\\\/\\\/condadodemartiniega.com\\\/consentimiento-rgpd\\\/#breadcrumb\"},\"inLanguage\":\"en-GB\",\"potentialAction\":[{\"@type\":\"ReadAction\",\"target\":[\"https:\\\/\\\/condadodemartiniega.com\\\/consentimiento-rgpd\\\/\"]}]},{\"@type\":\"BreadcrumbList\",\"@id\":\"https:\\\/\\\/condadodemartiniega.com\\\/consentimiento-rgpd\\\/#breadcrumb\",\"itemListElement\":[{\"@type\":\"ListItem\",\"position\":1,\"name\":\"Home\",\"item\":\"https:\\\/\\\/condadodemartiniega.com\\\/\"},{\"@type\":\"ListItem\",\"position\":2,\"name\":\"CONSENTIMIENTO RGPD\"}]},{\"@type\":\"WebSite\",\"@id\":\"https:\\\/\\\/condadodemartiniega.com\\\/#website\",\"url\":\"https:\\\/\\\/condadodemartiniega.com\\\/\",\"name\":\"Condado de Martiniega - Aceite de Oliva\",\"description\":\"Aceite de Oliva Virgen Extra\",\"publisher\":{\"@id\":\"https:\\\/\\\/condadodemartiniega.com\\\/#organization\"},\"alternateName\":\"Martiniega Olive Oil\",\"potentialAction\":[{\"@type\":\"SearchAction\",\"target\":{\"@type\":\"EntryPoint\",\"urlTemplate\":\"https:\\\/\\\/condadodemartiniega.com\\\/?s={search_term_string}\"},\"query-input\":{\"@type\":\"PropertyValueSpecification\",\"valueRequired\":true,\"valueName\":\"search_term_string\"}}],\"inLanguage\":\"en-GB\"},{\"@type\":\"Organization\",\"@id\":\"https:\\\/\\\/condadodemartiniega.com\\\/#organization\",\"name\":\"Condado de Martiniega - Aceite de Oliva\",\"url\":\"https:\\\/\\\/condadodemartiniega.com\\\/\",\"logo\":{\"@type\":\"ImageObject\",\"inLanguage\":\"en-GB\",\"@id\":\"https:\\\/\\\/condadodemartiniega.com\\\/#\\\/schema\\\/logo\\\/image\\\/\",\"url\":\"https:\\\/\\\/i0.wp.com\\\/condadodemartiniega.com\\\/wp-content\\\/uploads\\\/2021\\\/02\\\/cropped-CdM-logo-600_Colour.png?fit=1251%2C1251&ssl=1\",\"contentUrl\":\"https:\\\/\\\/i0.wp.com\\\/condadodemartiniega.com\\\/wp-content\\\/uploads\\\/2021\\\/02\\\/cropped-CdM-logo-600_Colour.png?fit=1251%2C1251&ssl=1\",\"width\":1251,\"height\":1251,\"caption\":\"Condado de Martiniega - Aceite de Oliva\"},\"image\":{\"@id\":\"https:\\\/\\\/condadodemartiniega.com\\\/#\\\/schema\\\/logo\\\/image\\\/\"},\"sameAs\":[\"https:\\\/\\\/www.facebook.com\\\/martiniegaoliveoil\",\"https:\\\/\\\/www.instagram.com\\\/martiniegaoliveoil\\\/\"]}]}<\/script>\n<!-- \/ Yoast SEO plugin. -->","yoast_head_json":{"title":"CONSENTIMIENTO RGPD - Condado de Martiniega","robots":{"index":"index","follow":"follow","max-snippet":"max-snippet:-1","max-image-preview":"max-image-preview:large","max-video-preview":"max-video-preview:-1"},"canonical":"https:\/\/condadodemartiniega.com\/en\/consentimiento-rgpd\/","og_locale":"en_GB","og_type":"article","og_title":"CONSENTIMIENTO RGPD - Condado de Martiniega","og_description":"Busca algo en concreto? B\u00fasqueda R\u00e1pida Escriba la palabra clave de su b\u00fasqueda aqu\u00ed debajo. CONSENTIMIENTO RGPD J.G. HAUTE CUISINE, S.M.C., utilizar\u00e1 la informaci\u00f3n proporcionada en este formulario para procesar su pedido, mejorar su experiencia en esta web y poder brindarle actualizaciones, promociones y campa\u00f1as de marketing, as\u00ed como otros prop\u00f3sitos descritos en nuestra Pol\u00edtica [&hellip;]","og_url":"https:\/\/condadodemartiniega.com\/en\/consentimiento-rgpd\/","og_site_name":"Condado de Martiniega","article_publisher":"https:\/\/www.facebook.com\/martiniegaoliveoil","article_modified_time":"2022-02-14T23:45:20+00:00","og_image":[{"width":1920,"height":1080,"url":"https:\/\/i0.wp.com\/condadodemartiniega.com\/wp-content\/uploads\/2022\/02\/Layer-2.jpg?fit=1920%2C1080&ssl=1","type":"image\/jpeg"}],"twitter_card":"summary_large_image","twitter_misc":{"Estimated reading time":"1 minute"},"schema":{"@context":"https:\/\/schema.org","@graph":[{"@type":"WebPage","@id":"https:\/\/condadodemartiniega.com\/consentimiento-rgpd\/","url":"https:\/\/condadodemartiniega.com\/consentimiento-rgpd\/","name":"CONSENTIMIENTO RGPD - Condado de Martiniega","isPartOf":{"@id":"https:\/\/condadodemartiniega.com\/#website"},"datePublished":"2021-12-29T17:08:54+00:00","dateModified":"2022-02-14T23:45:20+00:00","breadcrumb":{"@id":"https:\/\/condadodemartiniega.com\/consentimiento-rgpd\/#breadcrumb"},"inLanguage":"en-GB","potentialAction":[{"@type":"ReadAction","target":["https:\/\/condadodemartiniega.com\/consentimiento-rgpd\/"]}]},{"@type":"BreadcrumbList","@id":"https:\/\/condadodemartiniega.com\/consentimiento-rgpd\/#breadcrumb","itemListElement":[{"@type":"ListItem","position":1,"name":"Home","item":"https:\/\/condadodemartiniega.com\/"},{"@type":"ListItem","position":2,"name":"CONSENTIMIENTO RGPD"}]},{"@type":"WebSite","@id":"https:\/\/condadodemartiniega.com\/#website","url":"https:\/\/condadodemartiniega.com\/","name":"Condado de Martiniega - Aceite de Oliva","description":"Extra Virgin Olive Oil","publisher":{"@id":"https:\/\/condadodemartiniega.com\/#organization"},"alternateName":"Martiniega Olive Oil","potentialAction":[{"@type":"SearchAction","target":{"@type":"EntryPoint","urlTemplate":"https:\/\/condadodemartiniega.com\/?s={search_term_string}"},"query-input":{"@type":"PropertyValueSpecification","valueRequired":true,"valueName":"search_term_string"}}],"inLanguage":"en-GB"},{"@type":"Organization","@id":"https:\/\/condadodemartiniega.com\/#organization","name":"Condado de Martiniega - Aceite de Oliva","url":"https:\/\/condadodemartiniega.com\/","logo":{"@type":"ImageObject","inLanguage":"en-GB","@id":"https:\/\/condadodemartiniega.com\/#\/schema\/logo\/image\/","url":"https:\/\/i0.wp.com\/condadodemartiniega.com\/wp-content\/uploads\/2021\/02\/cropped-CdM-logo-600_Colour.png?fit=1251%2C1251&ssl=1","contentUrl":"https:\/\/i0.wp.com\/condadodemartiniega.com\/wp-content\/uploads\/2021\/02\/cropped-CdM-logo-600_Colour.png?fit=1251%2C1251&ssl=1","width":1251,"height":1251,"caption":"Condado de Martiniega - Aceite de Oliva"},"image":{"@id":"https:\/\/condadodemartiniega.com\/#\/schema\/logo\/image\/"},"sameAs":["https:\/\/www.facebook.com\/martiniegaoliveoil","https:\/\/www.instagram.com\/martiniegaoliveoil\/"]}]}},"jetpack-related-posts":[],"jetpack_sharing_enabled":true,"_links":{"self":[{"href":"https:\/\/condadodemartiniega.com\/en\/wp-json\/wp\/v2\/pages\/5392","targetHints":{"allow":["GET"]}}],"collection":[{"href":"https:\/\/condadodemartiniega.com\/en\/wp-json\/wp\/v2\/pages"}],"about":[{"href":"https:\/\/condadodemartiniega.com\/en\/wp-json\/wp\/v2\/types\/page"}],"author":[{"embeddable":true,"href":"https:\/\/condadodemartiniega.com\/en\/wp-json\/wp\/v2\/users\/1"}],"replies":[{"embeddable":true,"href":"https:\/\/condadodemartiniega.com\/en\/wp-json\/wp\/v2\/comments?post=5392"}],"version-history":[{"count":7,"href":"https:\/\/condadodemartiniega.com\/en\/wp-json\/wp\/v2\/pages\/5392\/revisions"}],"predecessor-version":[{"id":5768,"href":"https:\/\/condadodemartiniega.com\/en\/wp-json\/wp\/v2\/pages\/5392\/revisions\/5768"}],"wp:attachment":[{"href":"https:\/\/condadodemartiniega.com\/en\/wp-json\/wp\/v2\/media?parent=5392"}],"curies":[{"name":"wp","href":"https:\/\/api.w.org\/{rel}","templated":true}]}}