{"id":6355,"date":"2024-01-14T10:14:17","date_gmt":"2024-01-14T10:14:17","guid":{"rendered":"https:\/\/condadodemartiniega.com\/?post_type=product&#038;p=6355"},"modified":"2025-12-08T23:41:16","modified_gmt":"2025-12-08T23:41:16","slug":"aceite-de-oliva-virgen-extra-coupage-campos-del-rullo-500ml-grand-cru","status":"publish","type":"product","link":"https:\/\/condadodemartiniega.com\/en\/product\/aceite-de-oliva-virgen-extra-coupage-campos-del-rullo-500ml-grand-cru\/","title":{"rendered":"GRAND CRU &#8211; Aceite de Oliva Virgen Extra 500ml"},"content":{"rendered":"<p><strong>GRAND CRU &#8211; CAMPOS DEL RULLO<\/strong><\/p>\n<p><strong>Origen:<\/strong> Campos del Rullo (Navarra, Espa\u00f1a)<br \/>\n<strong>Variedad de Oliva:<\/strong> Coupage<br \/>\n<strong>Categor\u00eda:<\/strong> Aceite de Oliva Virgen Extra<br \/>\n<strong>Subcategor\u00eda:<\/strong> Filtrado<br \/>\n<strong>Acidez (reci\u00e9n obtenido):<\/strong> &lt;0,2%<br \/>\n<strong>\u00c9poca de recolecci\u00f3n:<\/strong> Entre finales de Octubre y principios de Noviembre<br \/>\n<strong>Cosecha:<\/strong> Mec\u00e1nica.<br \/>\n<strong>Capacidad:<\/strong> 500ml<br \/>\n<strong>Formato:<\/strong> V\u00eddrio<br \/>\n<strong>Conservaci\u00f3n:<\/strong> Consumir dentro de la fecha se\u00f1alada, preservar de luz y del calor (entre 15\u00baC y 25\u00baC), evitar cambios bruscos de temperatura. Mantener cerrado despu\u00e9s de cada uso.<br \/>\n<strong>Dietas:<\/strong> Producto apto para dietas vegetarianas, veganas y cel\u00edacos.<br \/>\n<strong>Recomendaciones de Uso:<\/strong> En crudo para ba\u00f1ar tostadas, ali\u00f1ar ensaladas, terminar platos, marinar o macerar. Para cocinar cualquier elaboraci\u00f3n, podemos guisar, asar, fre\u00edr y hornear con \u00e9l. Temperatura m\u00e1xima exposici\u00f3n: &lt;170\u00baC (a partir de \u00e9sta, el aceite se quemar\u00e1)<\/p>\n<p>&nbsp;<\/p>\n<h4>Maridaje<\/h4>\n<p>Coupage con complejidad de sabores \u00fanica. Estas son algunas sugerencias de maridaje:<br \/>\n<strong>Platos de Carne:<\/strong> Complementa perfectamente carnes a la parrilla o estofados. \u00dasalos como aderezo despu\u00e9s de cocinar para realzar el sabor.<br \/>\n<strong>Quesos Curados:<\/strong> Acompa\u00f1a maravillosamente quesos curados o a\u00f1ejos, creando una combinaci\u00f3n de sabores complejos.<br \/>\n<strong>Panes R\u00fasticos:<\/strong> Sirve aceite coupage con panes r\u00fasticos, preferiblemente de masa madre, para disfrutar de sus sabores complejos y su textura.<br \/>\n<strong>Verduras Asadas:<\/strong> Los aceites m\u00e1s robustos pueden ser ideales para rociar sobre verduras asadas, agregando un sabor adicional a tus platos.<br \/>\n<strong>Pescados y Mariscos Fuertes:<\/strong> En el caso de pescados con sabores m\u00e1s fuertes, como el salm\u00f3n, un toque de este aceite coupage realza su perfil de sabor.<br \/>\n<strong>Sopas y Guisos:<\/strong> Puedes usar aceite coupage como un toque final en sopas o guisos para intensificar los sabores antes de servir.<\/p>\n<p>&nbsp;<\/p>\n<h4>Notas de cata<\/h4>\n<p><span data-sheets-value=\"{&quot;1&quot;:2,&quot;2&quot;:&quot;Apariencia: Brillante de color verde lima intenso con tonos herb\u00e1ceos.rnNariz: Fresco, de fragancias dulces. Gran diversidad de aromas, especialmente a hierba fresca reci\u00e9n cortada, manzana verde, tomatera.rnBoca: Frutado medio-alto, suave y fluido, muy equilibrado, con una riqueza arom\u00e1tica notable donde destaca un acabado ligeramente picante.r&quot;}\" data-sheets-userformat=\"{&quot;2&quot;:969,&quot;3&quot;:{&quot;1&quot;:0},&quot;6&quot;:{&quot;1&quot;:[{&quot;1&quot;:2,&quot;2&quot;:0,&quot;5&quot;:{&quot;1&quot;:2,&quot;2&quot;:0}},{&quot;1&quot;:0,&quot;2&quot;:0,&quot;3&quot;:3},{&quot;1&quot;:1,&quot;2&quot;:0,&quot;4&quot;:1}]},&quot;9&quot;:0,&quot;10&quot;:0,&quot;11&quot;:4,&quot;12&quot;:0}\"><strong>Apariencia:<\/strong> Brillante de color verde lima intenso con tonos dorados y herb\u00e1ceos.<br \/>\n<strong>Nariz:<\/strong> Armonioso, fresco y con gran complejidad de aromas de frutas verdes.<br \/>\n<strong>Boca:<\/strong> Frutado medio-alto, suave y fluido, equilibrado y complejo con notable riqueza arom\u00e1tica donde destaca un final ligeramente picante.<\/span><\/p>\n","protected":false},"excerpt":{"rendered":"<p>&#8220;Campos del Rullo &#8211; Grand Cru&#8221; es un coupage excepcional, en diferentes proporciones dependiendo del a\u00f1o, de las mejores variedades de aceites de oliva virgen extra cultivados en nuestras fincas familiares. Un homenaje a nuestro abuelo paterno Julio Jim\u00e9nez, apodado en nuestro pueblo natal como &#8220;El Rullo&#8221;. Estas fincas fueron abandonadas y ahora ven crecer nuevas variedades que nos brindan un futuro brillante a la vez que saludable y sabroso. \u00danico y exclusivo, se lanza en una edici\u00f3n limitada.<\/p>","protected":false},"featured_media":6617,"template":"","meta":{"_acf_changed":false,"_monsterinsights_skip_tracking":false,"_monsterinsights_sitenote_active":false,"_monsterinsights_sitenote_note":"","_monsterinsights_sitenote_category":0},"product_brand":[],"product_cat":[129,131],"product_tag":[],"class_list":{"0":"post-6355","1":"product","2":"type-product","3":"status-publish","4":"has-post-thumbnail","6":"product_cat-aove-grand-cru","7":"product_cat-coupage","8":"product_shipping_class-est","10":"first","11":"instock","12":"featured","13":"taxable","14":"shipping-taxable","15":"purchasable","16":"product-type-variable"},"acf":[],"yoast_head":"<!-- This site is optimized with the Yoast SEO plugin v27.4 - https:\/\/yoast.com\/product\/yoast-seo-wordpress\/ -->\n<title>GRAND CRU - Aceite de Oliva Virgen Extra 500ml - Condado de Martiniega<\/title>\n<meta name=\"robots\" content=\"index, follow, max-snippet:-1, max-image-preview:large, max-video-preview:-1\" \/>\n<link rel=\"canonical\" href=\"https:\/\/condadodemartiniega.com\/en\/product\/aceite-de-oliva-virgen-extra-coupage-campos-del-rullo-500ml-grand-cru\/\" \/>\n<meta property=\"og:locale\" content=\"en_GB\" \/>\n<meta property=\"og:type\" content=\"article\" \/>\n<meta property=\"og:title\" content=\"GRAND CRU - Aceite de Oliva Virgen Extra 500ml - Condado de Martiniega\" \/>\n<meta property=\"og:description\" content=\"&quot;Campos del Rullo - Grand Cru&quot; es un coupage excepcional, en diferentes proporciones dependiendo del a\u00f1o, de las mejores variedades de aceites de oliva virgen extra cultivados en nuestras fincas familiares. Un homenaje a nuestro abuelo paterno Julio Jim\u00e9nez, apodado en nuestro pueblo natal como &quot;El Rullo&quot;. Estas fincas fueron abandonadas y ahora ven crecer nuevas variedades que nos brindan un futuro brillante a la vez que saludable y sabroso. \u00danico y exclusivo, se lanza en una edici\u00f3n limitada.\" \/>\n<meta property=\"og:url\" content=\"https:\/\/condadodemartiniega.com\/en\/product\/aceite-de-oliva-virgen-extra-coupage-campos-del-rullo-500ml-grand-cru\/\" \/>\n<meta property=\"og:site_name\" content=\"Condado de Martiniega\" \/>\n<meta property=\"article:publisher\" content=\"https:\/\/www.facebook.com\/martiniegaoliveoil\" \/>\n<meta property=\"article:modified_time\" content=\"2025-12-08T23:41:16+00:00\" \/>\n<meta property=\"og:image\" content=\"http:\/\/condadodemartiniega.com\/wp-content\/uploads\/2024\/01\/2025_Bellolio_500ml_GrandCru_WEB-scaled.jpg\" \/>\n\t<meta property=\"og:image:width\" content=\"1656\" \/>\n\t<meta property=\"og:image:height\" content=\"2560\" \/>\n\t<meta property=\"og:image:type\" content=\"image\/jpeg\" \/>\n<meta name=\"twitter:card\" content=\"summary_large_image\" \/>\n<meta name=\"twitter:label1\" content=\"Estimated reading time\" \/>\n\t<meta name=\"twitter:data1\" content=\"2 minutes\" \/>\n<script type=\"application\/ld+json\" class=\"yoast-schema-graph\">{\"@context\":\"https:\\\/\\\/schema.org\",\"@graph\":[{\"@type\":\"WebPage\",\"@id\":\"https:\\\/\\\/condadodemartiniega.com\\\/product\\\/aceite-de-oliva-virgen-extra-coupage-campos-del-rullo-500ml-grand-cru\\\/\",\"url\":\"https:\\\/\\\/condadodemartiniega.com\\\/product\\\/aceite-de-oliva-virgen-extra-coupage-campos-del-rullo-500ml-grand-cru\\\/\",\"name\":\"GRAND CRU - Aceite de Oliva Virgen Extra 500ml - Condado de Martiniega\",\"isPartOf\":{\"@id\":\"https:\\\/\\\/condadodemartiniega.com\\\/#website\"},\"primaryImageOfPage\":{\"@id\":\"https:\\\/\\\/condadodemartiniega.com\\\/product\\\/aceite-de-oliva-virgen-extra-coupage-campos-del-rullo-500ml-grand-cru\\\/#primaryimage\"},\"image\":{\"@id\":\"https:\\\/\\\/condadodemartiniega.com\\\/product\\\/aceite-de-oliva-virgen-extra-coupage-campos-del-rullo-500ml-grand-cru\\\/#primaryimage\"},\"thumbnailUrl\":\"https:\\\/\\\/i0.wp.com\\\/condadodemartiniega.com\\\/wp-content\\\/uploads\\\/2024\\\/01\\\/2025_Bellolio_500ml_GrandCru_WEB-scaled.jpg?fit=1656%2C2560&ssl=1\",\"datePublished\":\"2024-01-14T10:14:17+00:00\",\"dateModified\":\"2025-12-08T23:41:16+00:00\",\"breadcrumb\":{\"@id\":\"https:\\\/\\\/condadodemartiniega.com\\\/product\\\/aceite-de-oliva-virgen-extra-coupage-campos-del-rullo-500ml-grand-cru\\\/#breadcrumb\"},\"inLanguage\":\"en-GB\",\"potentialAction\":[{\"@type\":\"ReadAction\",\"target\":[\"https:\\\/\\\/condadodemartiniega.com\\\/product\\\/aceite-de-oliva-virgen-extra-coupage-campos-del-rullo-500ml-grand-cru\\\/\"]}]},{\"@type\":\"ImageObject\",\"inLanguage\":\"en-GB\",\"@id\":\"https:\\\/\\\/condadodemartiniega.com\\\/product\\\/aceite-de-oliva-virgen-extra-coupage-campos-del-rullo-500ml-grand-cru\\\/#primaryimage\",\"url\":\"https:\\\/\\\/i0.wp.com\\\/condadodemartiniega.com\\\/wp-content\\\/uploads\\\/2024\\\/01\\\/2025_Bellolio_500ml_GrandCru_WEB-scaled.jpg?fit=1656%2C2560&ssl=1\",\"contentUrl\":\"https:\\\/\\\/i0.wp.com\\\/condadodemartiniega.com\\\/wp-content\\\/uploads\\\/2024\\\/01\\\/2025_Bellolio_500ml_GrandCru_WEB-scaled.jpg?fit=1656%2C2560&ssl=1\",\"width\":1656,\"height\":2560},{\"@type\":\"BreadcrumbList\",\"@id\":\"https:\\\/\\\/condadodemartiniega.com\\\/product\\\/aceite-de-oliva-virgen-extra-coupage-campos-del-rullo-500ml-grand-cru\\\/#breadcrumb\",\"itemListElement\":[{\"@type\":\"ListItem\",\"position\":1,\"name\":\"Home\",\"item\":\"https:\\\/\\\/condadodemartiniega.com\\\/\"},{\"@type\":\"ListItem\",\"position\":2,\"name\":\"Shop\",\"item\":\"https:\\\/\\\/condadodemartiniega.com\\\/en\\\/shop\\\/\"},{\"@type\":\"ListItem\",\"position\":3,\"name\":\"GRAND CRU &#8211; Aceite de Oliva Virgen Extra 500ml\"}]},{\"@type\":\"WebSite\",\"@id\":\"https:\\\/\\\/condadodemartiniega.com\\\/#website\",\"url\":\"https:\\\/\\\/condadodemartiniega.com\\\/\",\"name\":\"Condado de Martiniega - Aceite de Oliva\",\"description\":\"Aceite de Oliva Virgen Extra\",\"publisher\":{\"@id\":\"https:\\\/\\\/condadodemartiniega.com\\\/#organization\"},\"alternateName\":\"Martiniega Olive Oil\",\"potentialAction\":[{\"@type\":\"SearchAction\",\"target\":{\"@type\":\"EntryPoint\",\"urlTemplate\":\"https:\\\/\\\/condadodemartiniega.com\\\/?s={search_term_string}\"},\"query-input\":{\"@type\":\"PropertyValueSpecification\",\"valueRequired\":true,\"valueName\":\"search_term_string\"}}],\"inLanguage\":\"en-GB\"},{\"@type\":\"Organization\",\"@id\":\"https:\\\/\\\/condadodemartiniega.com\\\/#organization\",\"name\":\"Condado de Martiniega - Aceite de Oliva\",\"url\":\"https:\\\/\\\/condadodemartiniega.com\\\/\",\"logo\":{\"@type\":\"ImageObject\",\"inLanguage\":\"en-GB\",\"@id\":\"https:\\\/\\\/condadodemartiniega.com\\\/#\\\/schema\\\/logo\\\/image\\\/\",\"url\":\"https:\\\/\\\/i0.wp.com\\\/condadodemartiniega.com\\\/wp-content\\\/uploads\\\/2021\\\/02\\\/cropped-CdM-logo-600_Colour.png?fit=1251%2C1251&ssl=1\",\"contentUrl\":\"https:\\\/\\\/i0.wp.com\\\/condadodemartiniega.com\\\/wp-content\\\/uploads\\\/2021\\\/02\\\/cropped-CdM-logo-600_Colour.png?fit=1251%2C1251&ssl=1\",\"width\":1251,\"height\":1251,\"caption\":\"Condado de Martiniega - Aceite de Oliva\"},\"image\":{\"@id\":\"https:\\\/\\\/condadodemartiniega.com\\\/#\\\/schema\\\/logo\\\/image\\\/\"},\"sameAs\":[\"https:\\\/\\\/www.facebook.com\\\/martiniegaoliveoil\",\"https:\\\/\\\/www.instagram.com\\\/martiniegaoliveoil\\\/\"]}]}<\/script>\n<!-- \/ Yoast SEO plugin. -->","yoast_head_json":{"title":"GRAND CRU - Aceite de Oliva Virgen Extra 500ml - Condado de Martiniega","robots":{"index":"index","follow":"follow","max-snippet":"max-snippet:-1","max-image-preview":"max-image-preview:large","max-video-preview":"max-video-preview:-1"},"canonical":"https:\/\/condadodemartiniega.com\/en\/product\/aceite-de-oliva-virgen-extra-coupage-campos-del-rullo-500ml-grand-cru\/","og_locale":"en_GB","og_type":"article","og_title":"GRAND CRU - Aceite de Oliva Virgen Extra 500ml - Condado de Martiniega","og_description":"\"Campos del Rullo - Grand Cru\" es un coupage excepcional, en diferentes proporciones dependiendo del a\u00f1o, de las mejores variedades de aceites de oliva virgen extra cultivados en nuestras fincas familiares. Un homenaje a nuestro abuelo paterno Julio Jim\u00e9nez, apodado en nuestro pueblo natal como \"El Rullo\". Estas fincas fueron abandonadas y ahora ven crecer nuevas variedades que nos brindan un futuro brillante a la vez que saludable y sabroso. \u00danico y exclusivo, se lanza en una edici\u00f3n limitada.","og_url":"https:\/\/condadodemartiniega.com\/en\/product\/aceite-de-oliva-virgen-extra-coupage-campos-del-rullo-500ml-grand-cru\/","og_site_name":"Condado de Martiniega","article_publisher":"https:\/\/www.facebook.com\/martiniegaoliveoil","article_modified_time":"2025-12-08T23:41:16+00:00","og_image":[{"width":1656,"height":2560,"url":"http:\/\/condadodemartiniega.com\/wp-content\/uploads\/2024\/01\/2025_Bellolio_500ml_GrandCru_WEB-scaled.jpg","type":"image\/jpeg"}],"twitter_card":"summary_large_image","twitter_misc":{"Estimated reading time":"2 minutes"},"schema":{"@context":"https:\/\/schema.org","@graph":[{"@type":"WebPage","@id":"https:\/\/condadodemartiniega.com\/product\/aceite-de-oliva-virgen-extra-coupage-campos-del-rullo-500ml-grand-cru\/","url":"https:\/\/condadodemartiniega.com\/product\/aceite-de-oliva-virgen-extra-coupage-campos-del-rullo-500ml-grand-cru\/","name":"GRAND CRU - Aceite de Oliva Virgen Extra 500ml - Condado de Martiniega","isPartOf":{"@id":"https:\/\/condadodemartiniega.com\/#website"},"primaryImageOfPage":{"@id":"https:\/\/condadodemartiniega.com\/product\/aceite-de-oliva-virgen-extra-coupage-campos-del-rullo-500ml-grand-cru\/#primaryimage"},"image":{"@id":"https:\/\/condadodemartiniega.com\/product\/aceite-de-oliva-virgen-extra-coupage-campos-del-rullo-500ml-grand-cru\/#primaryimage"},"thumbnailUrl":"https:\/\/i0.wp.com\/condadodemartiniega.com\/wp-content\/uploads\/2024\/01\/2025_Bellolio_500ml_GrandCru_WEB-scaled.jpg?fit=1656%2C2560&ssl=1","datePublished":"2024-01-14T10:14:17+00:00","dateModified":"2025-12-08T23:41:16+00:00","breadcrumb":{"@id":"https:\/\/condadodemartiniega.com\/product\/aceite-de-oliva-virgen-extra-coupage-campos-del-rullo-500ml-grand-cru\/#breadcrumb"},"inLanguage":"en-GB","potentialAction":[{"@type":"ReadAction","target":["https:\/\/condadodemartiniega.com\/product\/aceite-de-oliva-virgen-extra-coupage-campos-del-rullo-500ml-grand-cru\/"]}]},{"@type":"ImageObject","inLanguage":"en-GB","@id":"https:\/\/condadodemartiniega.com\/product\/aceite-de-oliva-virgen-extra-coupage-campos-del-rullo-500ml-grand-cru\/#primaryimage","url":"https:\/\/i0.wp.com\/condadodemartiniega.com\/wp-content\/uploads\/2024\/01\/2025_Bellolio_500ml_GrandCru_WEB-scaled.jpg?fit=1656%2C2560&ssl=1","contentUrl":"https:\/\/i0.wp.com\/condadodemartiniega.com\/wp-content\/uploads\/2024\/01\/2025_Bellolio_500ml_GrandCru_WEB-scaled.jpg?fit=1656%2C2560&ssl=1","width":1656,"height":2560},{"@type":"BreadcrumbList","@id":"https:\/\/condadodemartiniega.com\/product\/aceite-de-oliva-virgen-extra-coupage-campos-del-rullo-500ml-grand-cru\/#breadcrumb","itemListElement":[{"@type":"ListItem","position":1,"name":"Home","item":"https:\/\/condadodemartiniega.com\/"},{"@type":"ListItem","position":2,"name":"Shop","item":"https:\/\/condadodemartiniega.com\/en\/shop\/"},{"@type":"ListItem","position":3,"name":"GRAND CRU &#8211; Aceite de Oliva Virgen Extra 500ml"}]},{"@type":"WebSite","@id":"https:\/\/condadodemartiniega.com\/#website","url":"https:\/\/condadodemartiniega.com\/","name":"Condado de Martiniega - Aceite de Oliva","description":"Extra Virgin Olive Oil","publisher":{"@id":"https:\/\/condadodemartiniega.com\/#organization"},"alternateName":"Martiniega Olive Oil","potentialAction":[{"@type":"SearchAction","target":{"@type":"EntryPoint","urlTemplate":"https:\/\/condadodemartiniega.com\/?s={search_term_string}"},"query-input":{"@type":"PropertyValueSpecification","valueRequired":true,"valueName":"search_term_string"}}],"inLanguage":"en-GB"},{"@type":"Organization","@id":"https:\/\/condadodemartiniega.com\/#organization","name":"Condado de Martiniega - Aceite de Oliva","url":"https:\/\/condadodemartiniega.com\/","logo":{"@type":"ImageObject","inLanguage":"en-GB","@id":"https:\/\/condadodemartiniega.com\/#\/schema\/logo\/image\/","url":"https:\/\/i0.wp.com\/condadodemartiniega.com\/wp-content\/uploads\/2021\/02\/cropped-CdM-logo-600_Colour.png?fit=1251%2C1251&ssl=1","contentUrl":"https:\/\/i0.wp.com\/condadodemartiniega.com\/wp-content\/uploads\/2021\/02\/cropped-CdM-logo-600_Colour.png?fit=1251%2C1251&ssl=1","width":1251,"height":1251,"caption":"Condado de Martiniega - Aceite de Oliva"},"image":{"@id":"https:\/\/condadodemartiniega.com\/#\/schema\/logo\/image\/"},"sameAs":["https:\/\/www.facebook.com\/martiniegaoliveoil","https:\/\/www.instagram.com\/martiniegaoliveoil\/"]}]}},"jetpack-related-posts":[],"jetpack_sharing_enabled":true,"_links":{"self":[{"href":"https:\/\/condadodemartiniega.com\/en\/wp-json\/wp\/v2\/product\/6355","targetHints":{"allow":["GET"]}}],"collection":[{"href":"https:\/\/condadodemartiniega.com\/en\/wp-json\/wp\/v2\/product"}],"about":[{"href":"https:\/\/condadodemartiniega.com\/en\/wp-json\/wp\/v2\/types\/product"}],"wp:featuredmedia":[{"embeddable":true,"href":"https:\/\/condadodemartiniega.com\/en\/wp-json\/wp\/v2\/media\/6617"}],"wp:attachment":[{"href":"https:\/\/condadodemartiniega.com\/en\/wp-json\/wp\/v2\/media?parent=6355"}],"wp:term":[{"taxonomy":"product_brand","embeddable":true,"href":"https:\/\/condadodemartiniega.com\/en\/wp-json\/wp\/v2\/product_brand?post=6355"},{"taxonomy":"product_cat","embeddable":true,"href":"https:\/\/condadodemartiniega.com\/en\/wp-json\/wp\/v2\/product_cat?post=6355"},{"taxonomy":"product_tag","embeddable":true,"href":"https:\/\/condadodemartiniega.com\/en\/wp-json\/wp\/v2\/product_tag?post=6355"}],"curies":[{"name":"wp","href":"https:\/\/api.w.org\/{rel}","templated":true}]}}